{"id":2593,"date":"2025-07-05T12:44:24","date_gmt":"2025-07-05T12:44:24","guid":{"rendered":"https:\/\/geosyntheticsmanufacturer.com\/?page_id=2593"},"modified":"2025-10-08T10:54:48","modified_gmt":"2025-10-08T02:54:48","slug":"scour-control","status":"publish","type":"page","link":"https:\/\/geosyntheticsmanufacturer.com\/es\/scour-control\/","title":{"rendered":"Control de erosi\u00f3n"},"content":{"rendered":"<div data-elementor-type=\"wp-page\" data-elementor-id=\"2593\" class=\"elementor elementor-2593\" data-elementor-post-type=\"page\">\n\t\t\t\t<div class=\"elementor-element elementor-element-9d06cab e-flex e-con-boxed e-con e-parent\" data-id=\"9d06cab\" data-element_type=\"container\" data-e-type=\"container\">\n\t\t\t\t\t<div class=\"e-con-inner\">\n\t\t\t\t<div class=\"elementor-element elementor-element-522977d elementor-widget elementor-widget-heading\" data-id=\"522977d\" data-element_type=\"widget\" data-e-type=\"widget\" data-widget_type=\"heading.default\">\n\t\t\t\t\t<h1 class=\"elementor-heading-title elementor-size-default\">Control de erosi\u00f3n<\/h1>\t\t\t\t<\/div>\n\t\t\t\t<div class=\"elementor-element elementor-element-77076ac elementor-widget elementor-widget-text-editor\" data-id=\"77076ac\" data-element_type=\"widget\" data-e-type=\"widget\" data-widget_type=\"text-editor.default\">\n\t\t\t\t\t\t\t\t\t<p>Soluciones geosint\u00e9ticas duraderas para la protecci\u00f3n contra la erosi\u00f3n y el escurrimiento<\/p>\t\t\t\t\t\t\t\t<\/div>\n\t\t\t\t<div class=\"elementor-element elementor-element-f766d4b elementor-align-center elementor-widget elementor-widget-button\" data-id=\"f766d4b\" data-element_type=\"widget\" data-e-type=\"widget\" data-widget_type=\"button.default\">\n\t\t\t\t\t\t\t\t\t\t<a class=\"elementor-button elementor-button-link elementor-size-sm\" href=\"#elementor-action%3Aaction%3Dpopup%3Aopen%26settings%3DeyJpZCI6IjE5MjUiLCJ0b2dnbGUiOmZhbHNlfQ%3D%3D\">\n\t\t\t\t\t\t<span class=\"elementor-button-content-wrapper\">\n\t\t\t\t\t\t\t\t\t<span class=\"elementor-button-text\">Solicitar Cotizaci\u00f3n de F\u00e1brica<\/span>\n\t\t\t\t\t<\/span>\n\t\t\t\t\t<\/a>\n\t\t\t\t\t\t\t\t<\/div>\n\t\t\t\t\t<\/div>\n\t\t\t\t<\/div>\n\t\t<div class=\"elementor-element elementor-element-39faead e-flex e-con-boxed e-con e-parent\" data-id=\"39faead\" data-element_type=\"container\" data-e-type=\"container\">\n\t\t\t\t\t<div class=\"e-con-inner\">\n\t\t\t\t<div class=\"elementor-element elementor-element-a56b2ac elementor-widget elementor-widget-text-editor\" data-id=\"a56b2ac\" data-element_type=\"widget\" data-e-type=\"widget\" data-widget_type=\"text-editor.default\">\n\t\t\t\t\t\t\t\t\t<p data-start=\"45\" data-end=\"219\">El escurrimiento ocurre cuando el flujo de agua erosiona sedimentos alrededor de puentes, terraplenes, estructuras offshore y riberas. Si no se gestiona, puede debilitar las cimientos y amenazar la seguridad.<\/p><p data-start=\"221\" data-end=\"462\"><a href=\"https:\/\/geosyntheticsmanufacturer.com\/es\/geosynthetics\/\">Geosint\u00e9ticos<\/a> ofrecen control confiable del escurrimiento, proporcionando drenaje, refuerzo, filtraci\u00f3n y protecci\u00f3n contra la erosi\u00f3n. Ampliamente aplicados en proyectos costeros, fluviales e hidr\u00e1ulicos, garantizan estabilidad a largo plazo y reducci\u00f3n de costos de mantenimiento.<\/p><p data-start=\"464\" data-end=\"708\">At <strong data-start=\"467\" data-end=\"477\">MJY<\/strong>, suministramos soluciones geosint\u00e9ticas avanzadas para proteger costas, puentes e infraestructuras marinas del escurrimiento. Nuestros productos ofrecen durabilidad, adaptabilidad y rentabilidad. Cont\u00e1ctanos hoy para soluciones personalizadas.<\/p>\t\t\t\t\t\t\t\t<\/div>\n\t\t\t\t\t<\/div>\n\t\t\t\t<\/div>\n\t\t<div class=\"elementor-element elementor-element-8b6ea06 e-flex e-con-boxed e-con e-parent\" data-id=\"8b6ea06\" data-element_type=\"container\" data-e-type=\"container\">\n\t\t\t\t\t<div class=\"e-con-inner\">\n\t\t<div class=\"elementor-element elementor-element-a6654ed e-con-full e-flex e-con e-child\" data-id=\"a6654ed\" data-element_type=\"container\" data-e-type=\"container\">\n\t\t<div class=\"elementor-element elementor-element-f0cb9b0 e-con-full e-flex e-con e-child\" data-id=\"f0cb9b0\" data-element_type=\"container\" data-e-type=\"container\">\n\t\t\t\t<div class=\"elementor-element elementor-element-a9a02df elementor-widget elementor-widget-heading\" data-id=\"a9a02df\" data-element_type=\"widget\" data-e-type=\"widget\" data-widget_type=\"heading.default\">\n\t\t\t\t\t<h2 class=\"elementor-heading-title elementor-size-default\">Soluciones geosint\u00e9ticas que ofrecen ventajas tanto econ\u00f3micas como ecol\u00f3gicas<\/h2>\t\t\t\t<\/div>\n\t\t\t\t<div class=\"elementor-element elementor-element-9f966f8 elementor-widget elementor-widget-text-editor\" data-id=\"9f966f8\" data-element_type=\"widget\" data-e-type=\"widget\" data-widget_type=\"text-editor.default\">\n\t\t\t\t\t\t\t\t\t<p data-start=\"51\" data-end=\"329\">At <strong data-start=\"54\" data-end=\"61\">MJY<\/strong>, proporcionamos soluciones geosint\u00e9ticas avanzadas dise\u00f1adas para un rendimiento a largo plazo y construcci\u00f3n sostenible. Nuestras geomembranas, GCLs y geotextiles no solo ofrecen protecci\u00f3n efectiva contra el escurrimiento, sino que tambi\u00e9n ayudan a reducir la huella de carbono y mejorar la calidad del agua.<\/p><p data-start=\"331\" data-end=\"684\">Construidos con durabilidad y dise\u00f1o ligero, nuestros geosint\u00e9ticos minimizan la necesidad de materiales de relleno especiales, haciendo que el transporte y la instalaci\u00f3n sean m\u00e1s rentables. Al extender la vida \u00fatil y reducir los costos de mantenimiento, los geosint\u00e9ticos MJY garantizan un control confiable y ecol\u00f3gico del escurrimiento para una amplia gama de aplicaciones hidr\u00e1ulicas y marinas.<\/p>\t\t\t\t\t\t\t\t<\/div>\n\t\t\t\t<div class=\"elementor-element elementor-element-daffe1d elementor-align-center elementor-widget elementor-widget-button\" data-id=\"daffe1d\" data-element_type=\"widget\" data-e-type=\"widget\" data-widget_type=\"button.default\">\n\t\t\t\t\t\t\t\t\t\t<a class=\"elementor-button elementor-button-link elementor-size-sm\" href=\"#elementor-action%3Aaction%3Dpopup%3Aopen%26settings%3DeyJpZCI6IjE5MjUiLCJ0b2dnbGUiOmZhbHNlfQ%3D%3D\">\n\t\t\t\t\t\t<span class=\"elementor-button-content-wrapper\">\n\t\t\t\t\t\t\t\t\t<span class=\"elementor-button-text\">env\u00ede consulta ahora<\/span>\n\t\t\t\t\t<\/span>\n\t\t\t\t\t<\/a>\n\t\t\t\t\t\t\t\t<\/div>\n\t\t\t\t<\/div>\n\t\t<div class=\"elementor-element elementor-element-48ace81 e-con-full e-flex e-con e-child\" data-id=\"48ace81\" data-element_type=\"container\" data-e-type=\"container\">\n\t\t\t\t<div class=\"elementor-element elementor-element-70ee9fc elementor-widget elementor-widget-image\" data-id=\"70ee9fc\" data-element_type=\"widget\" data-e-type=\"widget\" data-widget_type=\"image.default\">\n\t\t\t\t\t\t\t\t\t\t\t\t\t\t\t<img alt=\"\" fetchpriority=\"high\" decoding=\"async\" width=\"1024\" height=\"575\" src=\"https:\/\/geosyntheticsmanufacturer.com\/wp-content\/uploads\/2025\/07\/Geosynthetic-Solutions-that-Provides-both-Cost-and-Ecological-Advantages-1024x575.webp\" class=\"attachment-large size-large wp-image-2601\" srcset=\"https:\/\/geosyntheticsmanufacturer.com\/wp-content\/uploads\/2025\/07\/Geosynthetic-Solutions-that-Provides-both-Cost-and-Ecological-Advantages-1024x575.webp 1024w, https:\/\/geosyntheticsmanufacturer.com\/wp-content\/uploads\/2025\/07\/Geosynthetic-Solutions-that-Provides-both-Cost-and-Ecological-Advantages-300x169.webp 300w, https:\/\/geosyntheticsmanufacturer.com\/wp-content\/uploads\/2025\/07\/Geosynthetic-Solutions-that-Provides-both-Cost-and-Ecological-Advantages-768x431.webp 768w, https:\/\/geosyntheticsmanufacturer.com\/wp-content\/uploads\/2025\/07\/Geosynthetic-Solutions-that-Provides-both-Cost-and-Ecological-Advantages-18x10.webp 18w, https:\/\/geosyntheticsmanufacturer.com\/wp-content\/uploads\/2025\/07\/Geosynthetic-Solutions-that-Provides-both-Cost-and-Ecological-Advantages.webp 1246w\" sizes=\"(max-width: 1024px) 100vw, 1024px\" \/>\t\t\t\t\t\t\t\t\t\t\t\t\t\t\t<\/div>\n\t\t\t\t<\/div>\n\t\t\t\t<\/div>\n\t\t\t\t\t<\/div>\n\t\t\t\t<\/div>\n\t\t<div class=\"elementor-element elementor-element-b8fb3ce e-flex e-con-boxed e-con e-parent\" data-id=\"b8fb3ce\" data-element_type=\"container\" data-e-type=\"container\">\n\t\t\t\t\t<div class=\"e-con-inner\">\n\t\t\t\t<div class=\"elementor-element elementor-element-8a7a919 elementor-widget elementor-widget-heading\" data-id=\"8a7a919\" data-element_type=\"widget\" data-e-type=\"widget\" data-widget_type=\"heading.default\">\n\t\t\t\t\t<h2 class=\"elementor-heading-title elementor-size-default\">Control del escurrimiento para diferentes industrias<\/h2>\t\t\t\t<\/div>\n\t\t\t\t<div class=\"elementor-element elementor-element-cac1888 e-n-tabs-mobile elementor-widget elementor-widget-n-tabs\" data-id=\"cac1888\" data-element_type=\"widget\" data-e-type=\"widget\" data-settings=\"{&quot;horizontal_scroll&quot;:&quot;disable&quot;}\" data-widget_type=\"nested-tabs.default\">\n\t\t\t\t\t\t\t<div class=\"e-n-tabs\" data-widget-number=\"212605064\" aria-label=\"Pesta\u00f1as. Abra los elementos con Enter o Espacio, cierre con Escape y navegue usando las flechas.\">\n\t\t\t<div class=\"e-n-tabs-heading\" role=\"tablist\">\n\t\t\t\t\t<button id=\"e-n-tab-title-2126050641\" data-tab-title-id=\"e-n-tab-title-2126050641\" class=\"e-n-tab-title\" aria-selected=\"true\" data-tab-index=\"1\" role=\"tab\" tabindex=\"0\" aria-controls=\"e-n-tab-content-2126050641\" style=\"--n-tabs-title-order: 1;\">\n\t\t\t\t\t\t<span class=\"e-n-tab-title-text\">\n\t\t\t\tCostero\t\t\t<\/span>\n\t\t<\/button>\n\t\t\t\t<button id=\"e-n-tab-title-2126050642\" data-tab-title-id=\"e-n-tab-title-2126050642\" class=\"e-n-tab-title\" aria-selected=\"false\" data-tab-index=\"2\" role=\"tab\" tabindex=\"-1\" aria-controls=\"e-n-tab-content-2126050642\" style=\"--n-tabs-title-order: 2;\">\n\t\t\t\t\t\t<span class=\"e-n-tab-title-text\">\n\t\t\t\tRiberas y canales\t\t\t<\/span>\n\t\t<\/button>\n\t\t\t\t<button id=\"e-n-tab-title-2126050643\" data-tab-title-id=\"e-n-tab-title-2126050643\" class=\"e-n-tab-title\" aria-selected=\"false\" data-tab-index=\"3\" role=\"tab\" tabindex=\"-1\" aria-controls=\"e-n-tab-content-2126050643\" style=\"--n-tabs-title-order: 3;\">\n\t\t\t\t\t\t<span class=\"e-n-tab-title-text\">\n\t\t\t\tLago interior\t\t\t<\/span>\n\t\t<\/button>\n\t\t\t\t<button id=\"e-n-tab-title-2126050644\" data-tab-title-id=\"e-n-tab-title-2126050644\" class=\"e-n-tab-title\" aria-selected=\"false\" data-tab-index=\"4\" role=\"tab\" tabindex=\"-1\" aria-controls=\"e-n-tab-content-2126050644\" style=\"--n-tabs-title-order: 4;\">\n\t\t\t\t\t\t<span class=\"e-n-tab-title-text\">\n\t\t\t\tEscurrimiento en la base\t\t\t<\/span>\n\t\t<\/button>\n\t\t\t\t\t<\/div>\n\t\t\t<div class=\"e-n-tabs-content\">\n\t\t\t\t<div id=\"e-n-tab-content-2126050641\" role=\"tabpanel\" aria-labelledby=\"e-n-tab-title-2126050641\" data-tab-index=\"1\" style=\"--n-tabs-title-order: 1;\" class=\"e-active elementor-element elementor-element-f9c699f e-con-full e-flex e-con e-child\" data-id=\"f9c699f\" data-element_type=\"container\" data-e-type=\"container\">\n\t\t<div class=\"elementor-element elementor-element-70f0072 e-flex e-con-boxed e-con e-child\" data-id=\"70f0072\" data-element_type=\"container\" data-e-type=\"container\">\n\t\t\t\t\t<div class=\"e-con-inner\">\n\t\t\t\t<div class=\"elementor-element elementor-element-7b70608 elementor-widget elementor-widget-text-editor\" data-id=\"7b70608\" data-element_type=\"widget\" data-e-type=\"widget\" data-widget_type=\"text-editor.default\">\n\t\t\t\t\t\t\t\t\t<p data-start=\"48\" data-end=\"248\">Las costas a menudo sufren erosi\u00f3n, mareas y tormentas, causando da\u00f1os a largo plazo. El uso de soluciones geosint\u00e9ticas ayuda a reducir el impacto de las olas, mejorar la estabilidad y retener sedimentos de manera efectiva.<\/p><p data-start=\"250\" data-end=\"452\">At <strong data-start=\"253\" data-end=\"263\">MJY<\/strong>, suministramos colchones, bolsas y otros productos de protecci\u00f3n costera duraderos que ofrecen un control del escurrimiento sostenible y rentable para proyectos de l\u00ednea de costa y marinos.<\/p>\t\t\t\t\t\t\t\t<\/div>\n\t\t\t\t\t<\/div>\n\t\t\t\t<\/div>\n\t\t\t\t<\/div>\n\t\t<div id=\"e-n-tab-content-2126050642\" role=\"tabpanel\" aria-labelledby=\"e-n-tab-title-2126050642\" data-tab-index=\"2\" style=\"--n-tabs-title-order: 2;\" class=\"elementor-element elementor-element-722f608 e-con-full e-flex e-con e-child\" data-id=\"722f608\" data-element_type=\"container\" data-e-type=\"container\">\n\t\t<div class=\"elementor-element elementor-element-efb3efb e-flex e-con-boxed e-con e-child\" data-id=\"efb3efb\" data-element_type=\"container\" data-e-type=\"container\">\n\t\t\t\t\t<div class=\"e-con-inner\">\n\t\t\t\t<div class=\"elementor-element elementor-element-a894954 elementor-widget elementor-widget-text-editor\" data-id=\"a894954\" data-element_type=\"widget\" data-e-type=\"widget\" data-widget_type=\"text-editor.default\">\n\t\t\t\t\t\t\t\t\t<p data-start=\"111\" data-end=\"363\">Las riberas son altamente vulnerables a inundaciones, erosi\u00f3n e inestabilidad del suelo, lo que puede causar da\u00f1os severos a infraestructuras y comunidades. Las soluciones tradicionales, como concreto o piedra, a menudo implican altos costos y pueden da\u00f1ar el medio ambiente.<\/p><p data-start=\"365\" data-end=\"838\">At <strong data-start=\"368\" data-end=\"375\">MJY<\/strong>, proporcionamos soluciones geosint\u00e9ticas como una alternativa sostenible y rentable. Nuestros colchones geotextiles, incluyendo mantas de control de erosi\u00f3n y tapetes de refuerzo de c\u00e9sped, est\u00e1n dise\u00f1ados para estabilizar riberas, mejorar la retenci\u00f3n del suelo y proteger contra flujos de agua intensos. Estas soluciones ofrecen protecci\u00f3n inmediata contra la erosi\u00f3n, durabilidad a largo plazo y un impacto ambiental m\u00ednimo, siendo ideales para proyectos de refuerzo de riberas.<\/p>\t\t\t\t\t\t\t\t<\/div>\n\t\t\t\t\t<\/div>\n\t\t\t\t<\/div>\n\t\t\t\t<\/div>\n\t\t<div id=\"e-n-tab-content-2126050643\" role=\"tabpanel\" aria-labelledby=\"e-n-tab-title-2126050643\" data-tab-index=\"3\" style=\"--n-tabs-title-order: 3;\" class=\"elementor-element elementor-element-b79ae27 e-con-full e-flex e-con e-child\" data-id=\"b79ae27\" data-element_type=\"container\" data-e-type=\"container\">\n\t\t<div class=\"elementor-element elementor-element-912aebe e-flex e-con-boxed e-con e-child\" data-id=\"912aebe\" data-element_type=\"container\" data-e-type=\"container\">\n\t\t\t\t\t<div class=\"e-con-inner\">\n\t\t\t\t<div class=\"elementor-element elementor-element-480f837 elementor-widget elementor-widget-text-editor\" data-id=\"480f837\" data-element_type=\"widget\" data-e-type=\"widget\" data-widget_type=\"text-editor.default\">\n\t\t\t\t\t\t\t\t\t<p data-start=\"56\" data-end=\"216\">Los geosint\u00e9ticos son una soluci\u00f3n probada para el control de erosi\u00f3n en lagos interiores, ofreciendo una estabilizaci\u00f3n superior de las l\u00edneas de costa, gesti\u00f3n de sedimentos y protecci\u00f3n de ecosistemas.<\/p><p data-start=\"218\" data-end=\"540\">At <strong data-start=\"221\" data-end=\"228\">MJY<\/strong>, fabricamos geotextiles duraderos dise\u00f1ados para reforzar las orillas de lagos, prevenir la erosi\u00f3n del suelo y minimizar el escurrimiento. Nuestros geosint\u00e9ticos protegen contra los efectos da\u00f1inos del viento, las olas y las estelas de embarcaciones, asegurando una estabilidad duradera de la l\u00ednea de costa, mejorando la calidad del agua y promoviendo un rendimiento ambiental sostenible.<\/p>\t\t\t\t\t\t\t\t<\/div>\n\t\t\t\t\t<\/div>\n\t\t\t\t<\/div>\n\t\t\t\t<\/div>\n\t\t<div id=\"e-n-tab-content-2126050644\" role=\"tabpanel\" aria-labelledby=\"e-n-tab-title-2126050644\" data-tab-index=\"4\" style=\"--n-tabs-title-order: 4;\" class=\"elementor-element elementor-element-b36683e e-con-full e-flex e-con e-child\" data-id=\"b36683e\" data-element_type=\"container\" data-e-type=\"container\">\n\t\t<div class=\"elementor-element elementor-element-7330cb2 e-flex e-con-boxed e-con e-child\" data-id=\"7330cb2\" data-element_type=\"container\" data-e-type=\"container\">\n\t\t\t\t\t<div class=\"e-con-inner\">\n\t\t\t\t<div class=\"elementor-element elementor-element-0847f59 elementor-widget elementor-widget-text-editor\" data-id=\"0847f59\" data-element_type=\"widget\" data-e-type=\"widget\" data-widget_type=\"text-editor.default\">\n\t\t\t\t\t\t\t\t\t<p data-start=\"60\" data-end=\"207\">El escurrimiento en la base se refiere a la erosi\u00f3n que ocurre en la base de las estructuras causada por el agua en movimiento, lo que puede comprometer la estabilidad y la integridad estructural.<\/p><p data-start=\"209\" data-end=\"419\"><strong data-start=\"209\" data-end=\"226\">Geosint\u00e9ticos<\/strong> son una soluci\u00f3n efectiva para el control del escurrimiento en la base, previniendo la erosi\u00f3n y protegiendo estructuras cr\u00edticas como puentes, defensas costeras, alcantarillas y estribos del da\u00f1o causado por el agua.<\/p><p data-start=\"421\" data-end=\"784\">At <strong data-start=\"424\" data-end=\"434\">MJY<\/strong>, proporcionamos una gama completa de productos geosint\u00e9ticos dise\u00f1ados para el control del escurrimiento en la base. Nuestras soluciones garantizan durabilidad a largo plazo, rendimiento superior y rentabilidad en comparaci\u00f3n con los m\u00e9todos tradicionales de protecci\u00f3n contra el escurrimiento. Al integrar nuestros geosint\u00e9ticos, los proyectos logran mayor estabilidad, reducci\u00f3n en costos de mantenimiento y protecci\u00f3n sostenible.<\/p>\t\t\t\t\t\t\t\t<\/div>\n\t\t\t\t\t<\/div>\n\t\t\t\t<\/div>\n\t\t\t\t<\/div>\n\t\t\t\t\t<\/div>\n\t\t<\/div>\n\t\t\t\t\t\t<\/div>\n\t\t\t\t\t<\/div>\n\t\t\t\t<\/div>\n\t\t<div class=\"elementor-element elementor-element-ccd773a e-flex e-con-boxed e-con e-parent\" data-id=\"ccd773a\" data-element_type=\"container\" data-e-type=\"container\">\n\t\t\t\t\t<div class=\"e-con-inner\">\n\t\t\t\t<div class=\"elementor-element elementor-element-c9553f2 elementor-widget elementor-widget-heading\" data-id=\"c9553f2\" data-element_type=\"widget\" data-e-type=\"widget\" data-widget_type=\"heading.default\">\n\t\t\t\t\t<h1 class=\"elementor-heading-title elementor-size-default\"><a href=\"https:\/\/geosyntheticsmanufacturer.com\/es\/\">L\u00edder en Fabricaci\u00f3n de Geosint\u00e9ticos Todo en Uno<\/a><\/h1>\t\t\t\t<\/div>\n\t\t\t\t<div class=\"elementor-element elementor-element-a6e5734 elementor-widget elementor-widget-text-editor\" data-id=\"a6e5734\" data-element_type=\"widget\" data-e-type=\"widget\" data-widget_type=\"text-editor.default\">\n\t\t\t\t\t\t\t\t\t<p>Suministro estable de geomembranas HDPE, geotextiles y geoceldas. Soporte t\u00e9cnico y control de calidad para miner\u00eda, vertederos y obras hidr\u00e1ulicas.<\/p>\t\t\t\t\t\t\t\t<\/div>\n\t\t\t\t<div class=\"elementor-element elementor-element-d59bef7 elementor-align-center elementor-widget elementor-widget-button\" data-id=\"d59bef7\" data-element_type=\"widget\" data-e-type=\"widget\" data-widget_type=\"button.default\">\n\t\t\t\t\t\t\t\t\t\t<a class=\"elementor-button elementor-button-link elementor-size-sm\" href=\"#elementor-action%3Aaction%3Dpopup%3Aopen%26settings%3DeyJpZCI6IjE5MjUiLCJ0b2dnbGUiOmZhbHNlfQ%3D%3D\">\n\t\t\t\t\t\t<span class=\"elementor-button-content-wrapper\">\n\t\t\t\t\t\t\t\t\t<span class=\"elementor-button-text\">Solicitar Cotizaci\u00f3n de F\u00e1brica<\/span>\n\t\t\t\t\t<\/span>\n\t\t\t\t\t<\/a>\n\t\t\t\t\t\t\t\t<\/div>\n\t\t\t\t\t<\/div>\n\t\t\t\t<\/div>\n\t\t\t\t<\/div>","protected":false},"excerpt":{"rendered":"<p>Soluciones geosint\u00e9ticas duraderas para el control de la escorrent\u00eda y protecci\u00f3n contra la erosi\u00f3n. Solicite una cotizaci\u00f3n ahora. La escorrent\u00eda ocurre cuando el flujo de agua erosiona sedimentos alrededor de puentes, terraplenes, estructuras offshore y riberas. Si no se gestiona, puede debilitar las cimentaciones y amenazar la seguridad. Los geosint\u00e9ticos ofrecen un control fiable de la escorrent\u00eda, proporcionando drenaje, refuerzo, filtraci\u00f3n y protecci\u00f3n contra la erosi\u00f3n. Ampliamente utilizados en zonas costeras, r\u00edos y [\u2026]<\/p>","protected":false},"author":1,"featured_media":0,"parent":0,"menu_order":0,"comment_status":"closed","ping_status":"closed","template":"","meta":{"_seopress_robots_primary_cat":"","_seopress_titles_title":"Scour Control with Geosynthetics | Bridges & Coasts","_seopress_titles_desc":"Discover how geosynthetics provide effective scour control for bridges, embankments, rivers, and coastal projects. MJY delivers durable, adaptable, and cost-efficient geosynthetic solutions that enhance stability, prevent erosion, and ensure long-term protection for marine and hydraulic structures.","_seopress_robots_index":"","site-sidebar-layout":"no-sidebar","site-content-layout":"page-builder","ast-site-content-layout":"full-width-container","site-content-style":"default","site-sidebar-style":"default","ast-global-header-display":"","ast-banner-title-visibility":"","ast-main-header-display":"","ast-hfb-above-header-display":"","ast-hfb-below-header-display":"","ast-hfb-mobile-header-display":"","site-post-title":"disabled","ast-breadcrumbs-content":"","ast-featured-img":"disabled","footer-sml-layout":"","ast-disable-related-posts":"","theme-transparent-header-meta":"","adv-header-id-meta":"","stick-header-meta":"","header-above-stick-meta":"","header-main-stick-meta":"","header-below-stick-meta":"","astra-migrate-meta-layouts":"set","ast-page-background-enabled":"default","ast-page-background-meta":{"desktop":{"background-color":"","background-image":"","background-repeat":"repeat","background-position":"center center","background-size":"auto","background-attachment":"scroll","background-type":"","background-media":"","overlay-type":"","overlay-color":"","overlay-opacity":"","overlay-gradient":""},"tablet":{"background-color":"","background-image":"","background-repeat":"repeat","background-position":"center center","background-size":"auto","background-attachment":"scroll","background-type":"","background-media":"","overlay-type":"","overlay-color":"","overlay-opacity":"","overlay-gradient":""},"mobile":{"background-color":"","background-image":"","background-repeat":"repeat","background-position":"center center","background-size":"auto","background-attachment":"scroll","background-type":"","background-media":"","overlay-type":"","overlay-color":"","overlay-opacity":"","overlay-gradient":""}},"ast-content-background-meta":{"desktop":{"background-color":"var(--ast-global-color-5)","background-image":"","background-repeat":"repeat","background-position":"center center","background-size":"auto","background-attachment":"scroll","background-type":"","background-media":"","overlay-type":"","overlay-color":"","overlay-opacity":"","overlay-gradient":""},"tablet":{"background-color":"var(--ast-global-color-5)","background-image":"","background-repeat":"repeat","background-position":"center center","background-size":"auto","background-attachment":"scroll","background-type":"","background-media":"","overlay-type":"","overlay-color":"","overlay-opacity":"","overlay-gradient":""},"mobile":{"background-color":"var(--ast-global-color-5)","background-image":"","background-repeat":"repeat","background-position":"center center","background-size":"auto","background-attachment":"scroll","background-type":"","background-media":"","overlay-type":"","overlay-color":"","overlay-opacity":"","overlay-gradient":""}},"footnotes":""},"class_list":["post-2593","page","type-page","status-publish","hentry"],"_links":{"self":[{"href":"https:\/\/geosyntheticsmanufacturer.com\/es\/wp-json\/wp\/v2\/pages\/2593","targetHints":{"allow":["GET"]}}],"collection":[{"href":"https:\/\/geosyntheticsmanufacturer.com\/es\/wp-json\/wp\/v2\/pages"}],"about":[{"href":"https:\/\/geosyntheticsmanufacturer.com\/es\/wp-json\/wp\/v2\/types\/page"}],"author":[{"embeddable":true,"href":"https:\/\/geosyntheticsmanufacturer.com\/es\/wp-json\/wp\/v2\/users\/1"}],"replies":[{"embeddable":true,"href":"https:\/\/geosyntheticsmanufacturer.com\/es\/wp-json\/wp\/v2\/comments?post=2593"}],"version-history":[{"count":0,"href":"https:\/\/geosyntheticsmanufacturer.com\/es\/wp-json\/wp\/v2\/pages\/2593\/revisions"}],"wp:attachment":[{"href":"https:\/\/geosyntheticsmanufacturer.com\/es\/wp-json\/wp\/v2\/media?parent=2593"}],"curies":[{"name":"wp","href":"https:\/\/api.w.org\/{rel}","templated":true}]}}