{"id":2684,"date":"2025-07-06T03:12:54","date_gmt":"2025-07-06T03:12:54","guid":{"rendered":"https:\/\/geosyntheticsmanufacturer.com\/?page_id=2684"},"modified":"2025-10-08T11:37:29","modified_gmt":"2025-10-08T03:37:29","slug":"wall-slopes","status":"publish","type":"page","link":"https:\/\/geosyntheticsmanufacturer.com\/es\/wall-slopes\/","title":{"rendered":"Taludes de muros"},"content":{"rendered":"<div data-elementor-type=\"wp-page\" data-elementor-id=\"2684\" class=\"elementor elementor-2684\" data-elementor-post-type=\"page\">\n\t\t\t\t<div class=\"elementor-element elementor-element-9d06cab e-flex e-con-boxed e-con e-parent\" data-id=\"9d06cab\" data-element_type=\"container\" data-e-type=\"container\">\n\t\t\t\t\t<div class=\"e-con-inner\">\n\t\t\t\t<div class=\"elementor-element elementor-element-522977d elementor-widget elementor-widget-heading\" data-id=\"522977d\" data-element_type=\"widget\" data-e-type=\"widget\" data-widget_type=\"heading.default\">\n\t\t\t\t\t<h1 class=\"elementor-heading-title elementor-size-default\">Taludes de muros<\/h1>\t\t\t\t<\/div>\n\t\t\t\t\t<\/div>\n\t\t\t\t<\/div>\n\t\t<div class=\"elementor-element elementor-element-39faead e-flex e-con-boxed e-con e-parent\" data-id=\"39faead\" data-element_type=\"container\" data-e-type=\"container\">\n\t\t\t\t\t<div class=\"e-con-inner\">\n\t\t\t\t<div class=\"elementor-element elementor-element-73a9316 elementor-widget elementor-widget-heading\" data-id=\"73a9316\" data-element_type=\"widget\" data-e-type=\"widget\" data-widget_type=\"heading.default\">\n\t\t\t\t\t<h2 class=\"elementor-heading-title elementor-size-default\">Geosint\u00e9ticos en la Estabilizaci\u00f3n de Taludes y Muros de Retenci\u00f3n<\/h2>\t\t\t\t<\/div>\n\t\t\t\t<div class=\"elementor-element elementor-element-a56b2ac elementor-widget elementor-widget-text-editor\" data-id=\"a56b2ac\" data-element_type=\"widget\" data-e-type=\"widget\" data-widget_type=\"text-editor.default\">\n\t\t\t\t\t\t\t\t\t<p data-start=\"71\" data-end=\"513\">Los taludes de muro son elementos cr\u00edticos en proyectos de construcci\u00f3n como terraplenes, muros de retenci\u00f3n, ferrocarriles y autopistas. Sin embargo, a menudo est\u00e1n expuestos a riesgos como infiltraci\u00f3n de agua, erosi\u00f3n del suelo y fuerzas naturales que pueden comprometer la estabilidad a largo plazo. Para abordar estos desaf\u00edos, los ingenieros cada vez conf\u00edan m\u00e1s en los geosint\u00e9ticos, dise\u00f1ados para reforzar estructuras de suelo y roca, garantizando seguridad, resistencia y durabilidad.<\/p><p data-start=\"515\" data-end=\"943\">At <strong data-start=\"518\" data-end=\"539\">MJY<\/strong>, ofrecemos soluciones geosint\u00e9ticas de alto rendimiento para industrias globales. Fabricados con materiales de primera calidad, nuestros productos brindan refuerzo superior, control de erosi\u00f3n y soporte de estabilidad. Ya sea para estabilizaci\u00f3n de taludes, refuerzo de muros de retenci\u00f3n o proyectos de infraestructura, los geosint\u00e9ticos MJY est\u00e1n dise\u00f1ados para cumplir con los requisitos m\u00e1s exigentes del proyecto, con fiabilidad y eficiencia comprobadas.<\/p>\t\t\t\t\t\t\t\t<\/div>\n\t\t\t\t\t<\/div>\n\t\t\t\t<\/div>\n\t\t<div class=\"elementor-element elementor-element-8b6ea06 e-con-full e-flex e-con e-parent\" data-id=\"8b6ea06\" data-element_type=\"container\" data-e-type=\"container\">\n\t\t<div class=\"elementor-element elementor-element-a6654ed e-flex e-con-boxed e-con e-child\" data-id=\"a6654ed\" data-element_type=\"container\" data-e-type=\"container\">\n\t\t\t\t\t<div class=\"e-con-inner\">\n\t\t<div class=\"elementor-element elementor-element-f0cb9b0 e-con-full e-flex e-con e-child\" data-id=\"f0cb9b0\" data-element_type=\"container\" data-e-type=\"container\">\n\t\t\t\t<div class=\"elementor-element elementor-element-a9a02df elementor-widget elementor-widget-heading\" data-id=\"a9a02df\" data-element_type=\"widget\" data-e-type=\"widget\" data-widget_type=\"heading.default\">\n\t\t\t\t\t<h2 class=\"elementor-heading-title elementor-size-default\"><a href=\"https:\/\/geosyntheticsmanufacturer.com\/es\/geogrid\/\">MJY   Geogrigas<\/a><\/h2>\t\t\t\t<\/div>\n\t\t\t\t<div class=\"elementor-element elementor-element-9f966f8 elementor-widget elementor-widget-text-editor\" data-id=\"9f966f8\" data-element_type=\"widget\" data-e-type=\"widget\" data-widget_type=\"text-editor.default\">\n\t\t\t\t\t\t\t\t\t<p data-start=\"89\" data-end=\"395\">Los taludes empinados se utilizan a menudo para maximizar la utilizaci\u00f3n del terreno, pero pueden reducir el \u00e1rea efectiva del terrapl\u00e9n o crear crestas m\u00e1s grandes. En estas condiciones, propiedades naturales del suelo como la resistencia y la fricci\u00f3n pueden no proporcionar estabilidad duradera. Para garantizar la seguridad a largo plazo, las medidas de refuerzo son esenciales.<\/p><p data-start=\"397\" data-end=\"823\">At <strong data-start=\"400\" data-end=\"407\">MJY<\/strong>, nos especializamos en la fabricaci\u00f3n de geogrigas de alto rendimiento dise\u00f1adas para la modificaci\u00f3n y estabilizaci\u00f3n de taludes. Producidas con barras de polipropileno (PP) duraderas y materiales de poli\u00e9ster de alta resistencia, nuestras geogrigas distribuyen y resisten eficazmente las fuerzas excesivas del talud. Esto garantiza estabilidad sin incrementar los costos del proyecto, convirti\u00e9ndolas en una soluci\u00f3n rentable para contratistas e ingenieros en todo el mundo.<\/p>\t\t\t\t\t\t\t\t<\/div>\n\t\t\t\t<div class=\"elementor-element elementor-element-daffe1d elementor-align-center elementor-widget elementor-widget-button\" data-id=\"daffe1d\" data-element_type=\"widget\" data-e-type=\"widget\" data-widget_type=\"button.default\">\n\t\t\t\t\t\t\t\t\t\t<a class=\"elementor-button elementor-button-link elementor-size-sm\" href=\"#elementor-action%3Aaction%3Dpopup%3Aopen%26settings%3DeyJpZCI6IjE5MjUiLCJ0b2dnbGUiOmZhbHNlfQ%3D%3D\">\n\t\t\t\t\t\t<span class=\"elementor-button-content-wrapper\">\n\t\t\t\t\t\t\t\t\t<span class=\"elementor-button-text\">env\u00ede consulta ahora<\/span>\n\t\t\t\t\t<\/span>\n\t\t\t\t\t<\/a>\n\t\t\t\t\t\t\t\t<\/div>\n\t\t\t\t<\/div>\n\t\t<div class=\"elementor-element elementor-element-48ace81 e-con-full e-flex e-con e-child\" data-id=\"48ace81\" data-element_type=\"container\" data-e-type=\"container\">\n\t\t\t\t<div class=\"elementor-element elementor-element-70ee9fc elementor-widget elementor-widget-image\" data-id=\"70ee9fc\" data-element_type=\"widget\" data-e-type=\"widget\" data-widget_type=\"image.default\">\n\t\t\t\t\t\t\t\t\t\t\t\t\t\t\t<img alt=\"\" fetchpriority=\"high\" decoding=\"async\" width=\"768\" height=\"482\" src=\"https:\/\/geosyntheticsmanufacturer.com\/wp-content\/uploads\/2025\/07\/Advantages-of-Geogrids1-768x482.webp\" class=\"attachment-medium_large size-medium_large wp-image-1987\" srcset=\"https:\/\/geosyntheticsmanufacturer.com\/wp-content\/uploads\/2025\/07\/Advantages-of-Geogrids1-768x482.webp 768w, https:\/\/geosyntheticsmanufacturer.com\/wp-content\/uploads\/2025\/07\/Advantages-of-Geogrids1-300x188.webp 300w, https:\/\/geosyntheticsmanufacturer.com\/wp-content\/uploads\/2025\/07\/Advantages-of-Geogrids1-1024x643.webp 1024w, https:\/\/geosyntheticsmanufacturer.com\/wp-content\/uploads\/2025\/07\/Advantages-of-Geogrids1.webp 1106w\" sizes=\"(max-width: 768px) 100vw, 768px\" \/>\t\t\t\t\t\t\t\t\t\t\t\t\t\t\t<\/div>\n\t\t\t\t<\/div>\n\t\t\t\t\t<\/div>\n\t\t\t\t<\/div>\n\t\t\t\t<\/div>\n\t\t<div class=\"elementor-element elementor-element-bfd212c e-flex e-con-boxed e-con e-parent\" data-id=\"bfd212c\" data-element_type=\"container\" data-e-type=\"container\">\n\t\t\t\t\t<div class=\"e-con-inner\">\n\t\t<div class=\"elementor-element elementor-element-dcc4c7e e-con-full e-flex e-con e-child\" data-id=\"dcc4c7e\" data-element_type=\"container\" data-e-type=\"container\">\n\t\t<div class=\"elementor-element elementor-element-395b368 e-con-full e-flex e-con e-child\" data-id=\"395b368\" data-element_type=\"container\" data-e-type=\"container\">\n\t\t\t\t<div class=\"elementor-element elementor-element-24892a2 elementor-widget elementor-widget-image\" data-id=\"24892a2\" data-element_type=\"widget\" data-e-type=\"widget\" data-widget_type=\"image.default\">\n\t\t\t\t\t\t\t\t\t\t\t\t\t\t\t<img alt=\"\" decoding=\"async\" width=\"1024\" height=\"577\" src=\"https:\/\/geosyntheticsmanufacturer.com\/wp-content\/uploads\/2025\/07\/Control-Slope-Erosion-Using-Geomats-1024x577.webp\" class=\"attachment-large size-large wp-image-2696\" srcset=\"https:\/\/geosyntheticsmanufacturer.com\/wp-content\/uploads\/2025\/07\/Control-Slope-Erosion-Using-Geomats-1024x577.webp 1024w, https:\/\/geosyntheticsmanufacturer.com\/wp-content\/uploads\/2025\/07\/Control-Slope-Erosion-Using-Geomats-300x169.webp 300w, https:\/\/geosyntheticsmanufacturer.com\/wp-content\/uploads\/2025\/07\/Control-Slope-Erosion-Using-Geomats-768x433.webp 768w, https:\/\/geosyntheticsmanufacturer.com\/wp-content\/uploads\/2025\/07\/Control-Slope-Erosion-Using-Geomats-18x10.webp 18w, https:\/\/geosyntheticsmanufacturer.com\/wp-content\/uploads\/2025\/07\/Control-Slope-Erosion-Using-Geomats.webp 1242w\" sizes=\"(max-width: 1024px) 100vw, 1024px\" \/>\t\t\t\t\t\t\t\t\t\t\t\t\t\t\t<\/div>\n\t\t\t\t<\/div>\n\t\t\t\t<\/div>\n\t\t<div class=\"elementor-element elementor-element-553a8a6 e-con-full e-flex e-con e-child\" data-id=\"553a8a6\" data-element_type=\"container\" data-e-type=\"container\">\n\t\t<div class=\"elementor-element elementor-element-ce1d0db e-con-full e-flex e-con e-child\" data-id=\"ce1d0db\" data-element_type=\"container\" data-e-type=\"container\">\n\t\t\t\t<div class=\"elementor-element elementor-element-4735e50 elementor-widget elementor-widget-heading\" data-id=\"4735e50\" data-element_type=\"widget\" data-e-type=\"widget\" data-widget_type=\"heading.default\">\n\t\t\t\t\t<h2 class=\"elementor-heading-title elementor-size-default\">Controlar la erosi\u00f3n del talud usando geomantas<\/h2>\t\t\t\t<\/div>\n\t\t\t\t<div class=\"elementor-element elementor-element-e56359a elementor-widget elementor-widget-text-editor\" data-id=\"e56359a\" data-element_type=\"widget\" data-e-type=\"widget\" data-widget_type=\"text-editor.default\">\n\t\t\t\t\t\t\t\t\t<p data-start=\"41\" data-end=\"127\">Los taludes son propensos a la erosi\u00f3n, especialmente bajo lluvias intensas o vegetaci\u00f3n d\u00e9bil.<\/p><p data-start=\"129\" data-end=\"276\">At <strong data-start=\"132\" data-end=\"142\">MJY<\/strong>, ofrecemos mantas de control de erosi\u00f3n con una estructura tridimensional que puede llenarse con tierra o grava para estabilizar los taludes.<\/p><p data-start=\"278\" data-end=\"447\">Fabricadas con resina de PP, nuestras mantas geosint\u00e9ticas resisten radiaci\u00f3n UV, productos qu\u00edmicos del suelo y la intemperie, asegurando protecci\u00f3n duradera y rendimiento rentable.<\/p>\t\t\t\t\t\t\t\t<\/div>\n\t\t\t\t<div class=\"elementor-element elementor-element-5881756 elementor-align-center elementor-widget elementor-widget-button\" data-id=\"5881756\" data-element_type=\"widget\" data-e-type=\"widget\" data-widget_type=\"button.default\">\n\t\t\t\t\t\t\t\t\t\t<a class=\"elementor-button elementor-button-link elementor-size-sm\" href=\"#elementor-action%3Aaction%3Dpopup%3Aopen%26settings%3DeyJpZCI6IjE5MjUiLCJ0b2dnbGUiOmZhbHNlfQ%3D%3D\">\n\t\t\t\t\t\t<span class=\"elementor-button-content-wrapper\">\n\t\t\t\t\t\t\t\t\t<span class=\"elementor-button-text\">env\u00ede consulta ahora<\/span>\n\t\t\t\t\t<\/span>\n\t\t\t\t\t<\/a>\n\t\t\t\t\t\t\t\t<\/div>\n\t\t\t\t<\/div>\n\t\t\t\t<\/div>\n\t\t\t\t\t<\/div>\n\t\t\t\t<\/div>\n\t\t<div class=\"elementor-element elementor-element-ccd773a e-flex e-con-boxed e-con e-parent\" data-id=\"ccd773a\" data-element_type=\"container\" data-e-type=\"container\">\n\t\t\t\t\t<div class=\"e-con-inner\">\n\t\t\t\t<div class=\"elementor-element elementor-element-c9553f2 elementor-widget elementor-widget-heading\" data-id=\"c9553f2\" data-element_type=\"widget\" data-e-type=\"widget\" data-widget_type=\"heading.default\">\n\t\t\t\t\t<h1 class=\"elementor-heading-title elementor-size-default\"><a href=\"https:\/\/geosyntheticsmanufacturer.com\/es\/\">L\u00edder en Fabricaci\u00f3n de Geosint\u00e9ticos Todo en Uno<\/a><\/h1>\t\t\t\t<\/div>\n\t\t\t\t<div class=\"elementor-element elementor-element-a6e5734 elementor-widget elementor-widget-text-editor\" data-id=\"a6e5734\" data-element_type=\"widget\" data-e-type=\"widget\" data-widget_type=\"text-editor.default\">\n\t\t\t\t\t\t\t\t\t<p>Suministro estable de geomembranas HDPE, geotextiles y geoceldas. Soporte t\u00e9cnico y control de calidad para miner\u00eda, vertederos y obras hidr\u00e1ulicas.<\/p>\t\t\t\t\t\t\t\t<\/div>\n\t\t\t\t<div class=\"elementor-element elementor-element-d59bef7 elementor-align-center elementor-widget elementor-widget-button\" data-id=\"d59bef7\" data-element_type=\"widget\" data-e-type=\"widget\" data-widget_type=\"button.default\">\n\t\t\t\t\t\t\t\t\t\t<a class=\"elementor-button elementor-button-link elementor-size-sm\" href=\"#elementor-action%3Aaction%3Dpopup%3Aopen%26settings%3DeyJpZCI6IjE5MjUiLCJ0b2dnbGUiOmZhbHNlfQ%3D%3D\">\n\t\t\t\t\t\t<span class=\"elementor-button-content-wrapper\">\n\t\t\t\t\t\t\t\t\t<span class=\"elementor-button-text\">Solicitar Cotizaci\u00f3n de F\u00e1brica<\/span>\n\t\t\t\t\t<\/span>\n\t\t\t\t\t<\/a>\n\t\t\t\t\t\t\t\t<\/div>\n\t\t\t\t\t<\/div>\n\t\t\t\t<\/div>\n\t\t\t\t<\/div>","protected":false},"excerpt":{"rendered":"<p>Geosint\u00e9ticos para pendientes en muros de contenci\u00f3n y estabilizaci\u00f3n de taludes. Los taludes son elementos cr\u00edticos en proyectos de construcci\u00f3n como terraplenes, muros de contenci\u00f3n, ferrocarriles y carreteras. Sin embargo, a menudo est\u00e1n expuestos a riesgos como infiltraci\u00f3n de agua, erosi\u00f3n del suelo y fuerzas naturales que pueden comprometer la estabilidad a largo plazo. Para abordar estos desaf\u00edos, los ingenieros cada vez m\u00e1s conf\u00edan en los geosint\u00e9ticos, que [\u2026]<\/p>","protected":false},"author":1,"featured_media":4991,"parent":0,"menu_order":0,"comment_status":"closed","ping_status":"closed","template":"","meta":{"_seopress_robots_primary_cat":"","_seopress_titles_title":"Slope and Wall Stability with Geosynthetics | MJY Solutions","_seopress_titles_desc":"Discover how geosynthetics improve slope and retaining wall stability for embankments, railways, highways, and more. At MJY, we provide high-quality geosynthetic products engineered for long-term soil reinforcement, cost efficiency, and sustainable construction results.","_seopress_robots_index":"","site-sidebar-layout":"no-sidebar","site-content-layout":"page-builder","ast-site-content-layout":"full-width-container","site-content-style":"default","site-sidebar-style":"default","ast-global-header-display":"","ast-banner-title-visibility":"","ast-main-header-display":"","ast-hfb-above-header-display":"","ast-hfb-below-header-display":"","ast-hfb-mobile-header-display":"","site-post-title":"disabled","ast-breadcrumbs-content":"","ast-featured-img":"disabled","footer-sml-layout":"","ast-disable-related-posts":"","theme-transparent-header-meta":"","adv-header-id-meta":"","stick-header-meta":"","header-above-stick-meta":"","header-main-stick-meta":"","header-below-stick-meta":"","astra-migrate-meta-layouts":"set","ast-page-background-enabled":"default","ast-page-background-meta":{"desktop":{"background-color":"","background-image":"","background-repeat":"repeat","background-position":"center center","background-size":"auto","background-attachment":"scroll","background-type":"","background-media":"","overlay-type":"","overlay-color":"","overlay-opacity":"","overlay-gradient":""},"tablet":{"background-color":"","background-image":"","background-repeat":"repeat","background-position":"center center","background-size":"auto","background-attachment":"scroll","background-type":"","background-media":"","overlay-type":"","overlay-color":"","overlay-opacity":"","overlay-gradient":""},"mobile":{"background-color":"","background-image":"","background-repeat":"repeat","background-position":"center center","background-size":"auto","background-attachment":"scroll","background-type":"","background-media":"","overlay-type":"","overlay-color":"","overlay-opacity":"","overlay-gradient":""}},"ast-content-background-meta":{"desktop":{"background-color":"var(--ast-global-color-5)","background-image":"","background-repeat":"repeat","background-position":"center center","background-size":"auto","background-attachment":"scroll","background-type":"","background-media":"","overlay-type":"","overlay-color":"","overlay-opacity":"","overlay-gradient":""},"tablet":{"background-color":"var(--ast-global-color-5)","background-image":"","background-repeat":"repeat","background-position":"center center","background-size":"auto","background-attachment":"scroll","background-type":"","background-media":"","overlay-type":"","overlay-color":"","overlay-opacity":"","overlay-gradient":""},"mobile":{"background-color":"var(--ast-global-color-5)","background-image":"","background-repeat":"repeat","background-position":"center center","background-size":"auto","background-attachment":"scroll","background-type":"","background-media":"","overlay-type":"","overlay-color":"","overlay-opacity":"","overlay-gradient":""}},"footnotes":""},"class_list":["post-2684","page","type-page","status-publish","has-post-thumbnail","hentry"],"_links":{"self":[{"href":"https:\/\/geosyntheticsmanufacturer.com\/es\/wp-json\/wp\/v2\/pages\/2684","targetHints":{"allow":["GET"]}}],"collection":[{"href":"https:\/\/geosyntheticsmanufacturer.com\/es\/wp-json\/wp\/v2\/pages"}],"about":[{"href":"https:\/\/geosyntheticsmanufacturer.com\/es\/wp-json\/wp\/v2\/types\/page"}],"author":[{"embeddable":true,"href":"https:\/\/geosyntheticsmanufacturer.com\/es\/wp-json\/wp\/v2\/users\/1"}],"replies":[{"embeddable":true,"href":"https:\/\/geosyntheticsmanufacturer.com\/es\/wp-json\/wp\/v2\/comments?post=2684"}],"version-history":[{"count":0,"href":"https:\/\/geosyntheticsmanufacturer.com\/es\/wp-json\/wp\/v2\/pages\/2684\/revisions"}],"wp:featuredmedia":[{"embeddable":true,"href":"https:\/\/geosyntheticsmanufacturer.com\/es\/wp-json\/wp\/v2\/media\/4991"}],"wp:attachment":[{"href":"https:\/\/geosyntheticsmanufacturer.com\/es\/wp-json\/wp\/v2\/media?parent=2684"}],"curies":[{"name":"wp","href":"https:\/\/api.w.org\/{rel}","templated":true}]}}