{"id":2729,"date":"2025-07-06T06:59:10","date_gmt":"2025-07-06T06:59:10","guid":{"rendered":"https:\/\/geosyntheticsmanufacturer.com\/?page_id=2729"},"modified":"2025-10-08T11:46:52","modified_gmt":"2025-10-08T03:46:52","slug":"ground-improvement","status":"publish","type":"page","link":"https:\/\/geosyntheticsmanufacturer.com\/es\/ground-improvement\/","title":{"rendered":"Mejora del suelo"},"content":{"rendered":"<div data-elementor-type=\"wp-page\" data-elementor-id=\"2729\" class=\"elementor elementor-2729\" data-elementor-post-type=\"page\">\n\t\t\t\t<div class=\"elementor-element elementor-element-9d06cab e-flex e-con-boxed e-con e-parent\" data-id=\"9d06cab\" data-element_type=\"container\" data-e-type=\"container\">\n\t\t\t\t\t<div class=\"e-con-inner\">\n\t\t\t\t<div class=\"elementor-element elementor-element-522977d elementor-widget elementor-widget-heading\" data-id=\"522977d\" data-element_type=\"widget\" data-e-type=\"widget\" data-widget_type=\"heading.default\">\n\t\t\t\t\t<h1 class=\"elementor-heading-title elementor-size-default\">Mejora del suelo<\/h1>\t\t\t\t<\/div>\n\t\t\t\t\t<\/div>\n\t\t\t\t<\/div>\n\t\t<div class=\"elementor-element elementor-element-39faead e-flex e-con-boxed e-con e-parent\" data-id=\"39faead\" data-element_type=\"container\" data-e-type=\"container\">\n\t\t\t\t\t<div class=\"e-con-inner\">\n\t\t\t\t<div class=\"elementor-element elementor-element-73a9316 elementor-widget elementor-widget-heading\" data-id=\"73a9316\" data-element_type=\"widget\" data-e-type=\"widget\" data-widget_type=\"heading.default\">\n\t\t\t\t\t<h2 class=\"elementor-heading-title elementor-size-default\">Prop\u00f3sito de la Mejora del Terreno<\/h2>\t\t\t\t<\/div>\n\t\t\t\t<div class=\"elementor-element elementor-element-a56b2ac elementor-widget elementor-widget-text-editor\" data-id=\"a56b2ac\" data-element_type=\"widget\" data-e-type=\"widget\" data-widget_type=\"text-editor.default\">\n\t\t\t\t\t\t\t\t\t<p data-start=\"60\" data-end=\"328\">Los ingenieros a menudo enfrentan desaf\u00edos en la construcci\u00f3n de carreteras, plataformas de trabajo, operaciones mineras y dise\u00f1o estructural en suelos problem\u00e1ticos. Estas dificultades suelen surgir debido a los altos costos y recursos limitados, lo que hace que los m\u00e9todos avanzados de tratamiento del terreno sean esenciales.<\/p><p data-start=\"330\" data-end=\"395\">Los enfoques comunes para abordar estos problemas geot\u00e9cnicos incluyen:<\/p><ul data-start=\"397\" data-end=\"546\"><li data-start=\"397\" data-end=\"415\"><p data-start=\"399\" data-end=\"415\"><strong data-start=\"399\" data-end=\"413\">Excavaci\u00f3n<\/strong><\/p><\/li><li data-start=\"416\" data-end=\"451\"><p data-start=\"418\" data-end=\"451\"><strong data-start=\"418\" data-end=\"449\">T\u00e9cnicas de reemplazo de suelo<\/strong><\/p><\/li><li data-start=\"452\" data-end=\"479\"><p data-start=\"454\" data-end=\"479\"><strong data-start=\"454\" data-end=\"477\">M\u00e9todos de sobrecarga<\/strong><\/p><\/li><li data-start=\"480\" data-end=\"520\"><p data-start=\"482\" data-end=\"520\"><strong data-start=\"482\" data-end=\"518\">Plazos de construcci\u00f3n extendidos<\/strong><\/p><\/li><li data-start=\"521\" data-end=\"546\"><p data-start=\"523\" data-end=\"546\"><strong data-start=\"523\" data-end=\"544\">Ajustes de ruta<\/strong><\/p><\/li><\/ul><p data-start=\"548\" data-end=\"709\">Aunque efectivas, estas t\u00e9cnicas tradicionales pueden ser <strong data-start=\"601\" data-end=\"621\">altamente costosas<\/strong> y que requieren muchos recursos, lo que impulsa la necesidad de soluciones geosint\u00e9ticas m\u00e1s eficientes.<\/p>\t\t\t\t\t\t\t\t<\/div>\n\t\t\t\t\t<\/div>\n\t\t\t\t<\/div>\n\t\t<div class=\"elementor-element elementor-element-8b6ea06 e-con-full e-flex e-con e-parent\" data-id=\"8b6ea06\" data-element_type=\"container\" data-e-type=\"container\">\n\t\t<div class=\"elementor-element elementor-element-a6654ed e-flex e-con-boxed e-con e-child\" data-id=\"a6654ed\" data-element_type=\"container\" data-e-type=\"container\">\n\t\t\t\t\t<div class=\"e-con-inner\">\n\t\t<div class=\"elementor-element elementor-element-f0cb9b0 e-con-full e-flex e-con e-child\" data-id=\"f0cb9b0\" data-element_type=\"container\" data-e-type=\"container\">\n\t\t\t\t<div class=\"elementor-element elementor-element-a9a02df elementor-widget elementor-widget-heading\" data-id=\"a9a02df\" data-element_type=\"widget\" data-e-type=\"widget\" data-widget_type=\"heading.default\">\n\t\t\t\t\t<h2 class=\"elementor-heading-title elementor-size-default\">Mejora del Terreno con Geosint\u00e9ticos MJY<\/h2>\t\t\t\t<\/div>\n\t\t\t\t<div class=\"elementor-element elementor-element-9f966f8 elementor-widget elementor-widget-text-editor\" data-id=\"9f966f8\" data-element_type=\"widget\" data-e-type=\"widget\" data-widget_type=\"text-editor.default\">\n\t\t\t\t\t\t\t\t\t<p>MJY ofrece una gama completa de productos geosint\u00e9ticos para manejar problemas de suelo en proyectos de construcci\u00f3n, miner\u00eda e infraestructura. Nuestras soluciones mejoran la estabilidad, aumentan la resistencia del suelo y aseguran un rendimiento a largo plazo.<\/p><p data-start=\"308\" data-end=\"325\">Beneficios Clave<\/p><ul data-start=\"326\" data-end=\"634\"><li data-start=\"326\" data-end=\"377\">Estabilizar terraplenes y prevenir fallos en taludes<\/li><li data-start=\"378\" data-end=\"435\">Reforzar cimientos d\u00e9biles y aumentar la resistencia del suelo<\/li><li data-start=\"436\" data-end=\"488\">Mejorar el drenaje y reducir la presi\u00f3n hidrost\u00e1tica<\/li><li data-start=\"489\" data-end=\"536\">Separar materiales de relleno de los suelos de subrasante<\/li><li data-start=\"537\" data-end=\"587\">Construir plataformas de trabajo estables para cargas pesadas<\/li><li data-start=\"588\" data-end=\"634\">Incrementar la densidad y minimizar la permeabilidad<\/li><\/ul><p>Los geotextiles MJY ofrecen calidad confiable, precios competitivos y rendimiento comprobado, lo que los convierte en la opci\u00f3n de confianza para ingenieros y contratistas en todo el mundo.<\/p>\t\t\t\t\t\t\t\t<\/div>\n\t\t\t\t<div class=\"elementor-element elementor-element-daffe1d elementor-align-center elementor-widget elementor-widget-button\" data-id=\"daffe1d\" data-element_type=\"widget\" data-e-type=\"widget\" data-widget_type=\"button.default\">\n\t\t\t\t\t\t\t\t\t\t<a class=\"elementor-button elementor-button-link elementor-size-sm\" href=\"#elementor-action%3Aaction%3Dpopup%3Aopen%26settings%3DeyJpZCI6IjE5MjUiLCJ0b2dnbGUiOmZhbHNlfQ%3D%3D\">\n\t\t\t\t\t\t<span class=\"elementor-button-content-wrapper\">\n\t\t\t\t\t\t\t\t\t<span class=\"elementor-button-text\">env\u00ede consulta ahora<\/span>\n\t\t\t\t\t<\/span>\n\t\t\t\t\t<\/a>\n\t\t\t\t\t\t\t\t<\/div>\n\t\t\t\t<\/div>\n\t\t<div class=\"elementor-element elementor-element-48ace81 e-con-full e-flex e-con e-child\" data-id=\"48ace81\" data-element_type=\"container\" data-e-type=\"container\">\n\t\t\t\t<div class=\"elementor-element elementor-element-70ee9fc elementor-widget elementor-widget-image\" data-id=\"70ee9fc\" data-element_type=\"widget\" data-e-type=\"widget\" data-widget_type=\"image.default\">\n\t\t\t\t\t\t\t\t\t\t\t\t\t\t\t<img alt=\"\" fetchpriority=\"high\" decoding=\"async\" width=\"768\" height=\"429\" src=\"https:\/\/geosyntheticsmanufacturer.com\/wp-content\/uploads\/2025\/07\/Advantages-of-Ground-Improvement-768x429.webp\" class=\"attachment-medium_large size-medium_large wp-image-2736\" srcset=\"https:\/\/geosyntheticsmanufacturer.com\/wp-content\/uploads\/2025\/07\/Advantages-of-Ground-Improvement-768x429.webp 768w, https:\/\/geosyntheticsmanufacturer.com\/wp-content\/uploads\/2025\/07\/Advantages-of-Ground-Improvement-300x168.webp 300w, https:\/\/geosyntheticsmanufacturer.com\/wp-content\/uploads\/2025\/07\/Advantages-of-Ground-Improvement-1024x572.webp 1024w, https:\/\/geosyntheticsmanufacturer.com\/wp-content\/uploads\/2025\/07\/Advantages-of-Ground-Improvement.webp 1238w\" sizes=\"(max-width: 768px) 100vw, 768px\" \/>\t\t\t\t\t\t\t\t\t\t\t\t\t\t\t<\/div>\n\t\t\t\t<\/div>\n\t\t\t\t\t<\/div>\n\t\t\t\t<\/div>\n\t\t\t\t<\/div>\n\t\t<div class=\"elementor-element elementor-element-bfd212c e-flex e-con-boxed e-con e-parent\" data-id=\"bfd212c\" data-element_type=\"container\" data-e-type=\"container\">\n\t\t\t\t\t<div class=\"e-con-inner\">\n\t\t<div class=\"elementor-element elementor-element-dcc4c7e e-con-full e-flex e-con e-child\" data-id=\"dcc4c7e\" data-element_type=\"container\" data-e-type=\"container\">\n\t\t<div class=\"elementor-element elementor-element-395b368 e-con-full e-flex e-con e-child\" data-id=\"395b368\" data-element_type=\"container\" data-e-type=\"container\">\n\t\t\t\t<div class=\"elementor-element elementor-element-24892a2 elementor-widget elementor-widget-image\" data-id=\"24892a2\" data-element_type=\"widget\" data-e-type=\"widget\" data-widget_type=\"image.default\">\n\t\t\t\t\t\t\t\t\t\t\t\t\t\t\t<img alt=\"\" decoding=\"async\" width=\"1024\" height=\"573\" src=\"https:\/\/geosyntheticsmanufacturer.com\/wp-content\/uploads\/2025\/07\/Settlement-Mitigation-1024x573.webp\" class=\"attachment-large size-large wp-image-2716\" srcset=\"https:\/\/geosyntheticsmanufacturer.com\/wp-content\/uploads\/2025\/07\/Settlement-Mitigation-1024x573.webp 1024w, https:\/\/geosyntheticsmanufacturer.com\/wp-content\/uploads\/2025\/07\/Settlement-Mitigation-300x168.webp 300w, https:\/\/geosyntheticsmanufacturer.com\/wp-content\/uploads\/2025\/07\/Settlement-Mitigation-768x430.webp 768w, https:\/\/geosyntheticsmanufacturer.com\/wp-content\/uploads\/2025\/07\/Settlement-Mitigation-18x10.webp 18w, https:\/\/geosyntheticsmanufacturer.com\/wp-content\/uploads\/2025\/07\/Settlement-Mitigation.webp 1236w\" sizes=\"(max-width: 1024px) 100vw, 1024px\" \/>\t\t\t\t\t\t\t\t\t\t\t\t\t\t\t<\/div>\n\t\t\t\t<\/div>\n\t\t\t\t<\/div>\n\t\t<div class=\"elementor-element elementor-element-553a8a6 e-con-full e-flex e-con e-child\" data-id=\"553a8a6\" data-element_type=\"container\" data-e-type=\"container\">\n\t\t<div class=\"elementor-element elementor-element-ce1d0db e-con-full e-flex e-con e-child\" data-id=\"ce1d0db\" data-element_type=\"container\" data-e-type=\"container\">\n\t\t\t\t<div class=\"elementor-element elementor-element-4735e50 elementor-widget elementor-widget-heading\" data-id=\"4735e50\" data-element_type=\"widget\" data-e-type=\"widget\" data-widget_type=\"heading.default\">\n\t\t\t\t\t<h2 class=\"elementor-heading-title elementor-size-default\">Sistemas de colchones marinos y compuestos en malla MJY<\/h2>\t\t\t\t<\/div>\n\t\t\t\t<div class=\"elementor-element elementor-element-e56359a elementor-widget elementor-widget-text-editor\" data-id=\"e56359a\" data-element_type=\"widget\" data-e-type=\"widget\" data-widget_type=\"text-editor.default\">\n\t\t\t\t\t\t\t\t\t<p data-start=\"89\" data-end=\"372\">MJY desarrolla sistemas de colchones marinos y compuestos en malla dise\u00f1ados para usarse con piedra de armadura y debajo de riprap. Cuando se combinan con geotextiles y georejillas, estas soluciones mejoran las estructuras de escombros proporcionando una capa de filtraci\u00f3n m\u00e1s fuerte y una base m\u00e1s estable.<\/p><p data-start=\"374\" data-end=\"391\">Beneficios Clave<\/p><ul data-start=\"392\" data-end=\"598\"><li data-start=\"392\" data-end=\"490\"><p data-start=\"394\" data-end=\"490\">Filtraci\u00f3n y separaci\u00f3n efectivas: previene la p\u00e9rdida de suelo y mantiene la integridad estructural.<\/p><\/li><li data-start=\"491\" data-end=\"598\"><p data-start=\"493\" data-end=\"598\">Asentamiento diferencial reducido: mejora la estabilidad a largo plazo de estructuras costeras e hidr\u00e1ulicas.<\/p><\/li><\/ul><p data-start=\"600\" data-end=\"759\">Los ingenieros conf\u00edan en los sistemas de colchones marinos MJY para riberas, muros de contenci\u00f3n y proyectos offshore donde la durabilidad, el drenaje y el refuerzo son cr\u00edticos.<\/p>\t\t\t\t\t\t\t\t<\/div>\n\t\t\t\t<\/div>\n\t\t\t\t<\/div>\n\t\t\t\t\t<\/div>\n\t\t\t\t<\/div>\n\t\t<div class=\"elementor-element elementor-element-1d8df7f e-flex e-con-boxed e-con e-parent\" data-id=\"1d8df7f\" data-element_type=\"container\" data-e-type=\"container\">\n\t\t\t\t\t<div class=\"e-con-inner\">\n\t\t<div class=\"elementor-element elementor-element-58083a2 e-con-full e-flex e-con e-child\" data-id=\"58083a2\" data-element_type=\"container\" data-e-type=\"container\">\n\t\t\t\t<div class=\"elementor-element elementor-element-562b747 elementor-widget elementor-widget-heading\" data-id=\"562b747\" data-element_type=\"widget\" data-e-type=\"widget\" data-widget_type=\"heading.default\">\n\t\t\t\t\t<h2 class=\"elementor-heading-title elementor-size-default\">T\u00e9cnicas t\u00edpicas<\/h2>\t\t\t\t<\/div>\n\t\t<div class=\"elementor-element elementor-element-be58245 e-grid e-con-full e-con e-child\" data-id=\"be58245\" data-element_type=\"container\" data-e-type=\"container\">\n\t\t<div class=\"elementor-element elementor-element-9d9b069 e-con-full e-flex e-con e-child\" data-id=\"9d9b069\" data-element_type=\"container\" data-e-type=\"container\">\n\t\t\t\t<div class=\"elementor-element elementor-element-fed2e27 elementor-widget elementor-widget-image\" data-id=\"fed2e27\" data-element_type=\"widget\" data-e-type=\"widget\" data-widget_type=\"image.default\">\n\t\t\t\t\t\t\t\t\t\t\t\t\t\t\t<img alt=\"\" decoding=\"async\" width=\"1024\" height=\"642\" src=\"https:\/\/geosyntheticsmanufacturer.com\/wp-content\/uploads\/2025\/07\/Typical-Techniques-1024x642.webp\" class=\"attachment-large size-large wp-image-2745\" srcset=\"https:\/\/geosyntheticsmanufacturer.com\/wp-content\/uploads\/2025\/07\/Typical-Techniques-1024x642.webp 1024w, https:\/\/geosyntheticsmanufacturer.com\/wp-content\/uploads\/2025\/07\/Typical-Techniques-300x188.webp 300w, https:\/\/geosyntheticsmanufacturer.com\/wp-content\/uploads\/2025\/07\/Typical-Techniques-768x481.webp 768w, https:\/\/geosyntheticsmanufacturer.com\/wp-content\/uploads\/2025\/07\/Typical-Techniques-18x12.webp 18w, https:\/\/geosyntheticsmanufacturer.com\/wp-content\/uploads\/2025\/07\/Typical-Techniques.webp 1104w\" sizes=\"(max-width: 1024px) 100vw, 1024px\" \/>\t\t\t\t\t\t\t\t\t\t\t\t\t\t\t<\/div>\n\t\t\t\t<\/div>\n\t\t<div class=\"elementor-element elementor-element-78a9b62 e-con-full e-flex e-con e-child\" data-id=\"78a9b62\" data-element_type=\"container\" data-e-type=\"container\">\n\t\t\t\t<div class=\"elementor-element elementor-element-352e9f8 elementor-widget elementor-widget-image\" data-id=\"352e9f8\" data-element_type=\"widget\" data-e-type=\"widget\" data-widget_type=\"image.default\">\n\t\t\t\t\t\t\t\t\t\t\t\t\t\t\t<img alt=\"\" loading=\"lazy\" decoding=\"async\" width=\"1024\" height=\"645\" src=\"https:\/\/geosyntheticsmanufacturer.com\/wp-content\/uploads\/2025\/07\/Typical-Techniques1-1024x645.webp\" class=\"attachment-large size-large wp-image-2744\" srcset=\"https:\/\/geosyntheticsmanufacturer.com\/wp-content\/uploads\/2025\/07\/Typical-Techniques1-1024x645.webp 1024w, https:\/\/geosyntheticsmanufacturer.com\/wp-content\/uploads\/2025\/07\/Typical-Techniques1-300x189.webp 300w, https:\/\/geosyntheticsmanufacturer.com\/wp-content\/uploads\/2025\/07\/Typical-Techniques1-768x484.webp 768w, https:\/\/geosyntheticsmanufacturer.com\/wp-content\/uploads\/2025\/07\/Typical-Techniques1.webp 1096w\" sizes=\"(max-width: 1024px) 100vw, 1024px\" \/>\t\t\t\t\t\t\t\t\t\t\t\t\t\t\t<\/div>\n\t\t\t\t<\/div>\n\t\t\t\t<\/div>\n\t\t\t\t<div class=\"elementor-element elementor-element-bc64766 elementor-widget elementor-widget-text-editor\" data-id=\"bc64766\" data-element_type=\"widget\" data-e-type=\"widget\" data-widget_type=\"text-editor.default\">\n\t\t\t\t\t\t\t\t\t<hr data-start=\"39\" data-end=\"42\" \/><h2 data-start=\"44\" data-end=\"96\">T\u00e9cnicas de mejora del terreno con geosint\u00e9ticos<\/h2><p data-start=\"98\" data-end=\"268\">La ingenier\u00eda geot\u00e9cnica moderna se basa en m\u00e9todos avanzados de estabilizaci\u00f3n y refuerzo del suelo. A continuaci\u00f3n, algunas de las t\u00e9cnicas de mejora del terreno m\u00e1s efectivas:<\/p><h4 data-start=\"270\" data-end=\"288\">Inyecci\u00f3n por chorro<\/h4><p data-start=\"289\" data-end=\"470\">Un potente m\u00e9todo de estabilizaci\u00f3n in situ que utiliza inyecci\u00f3n de lechada de cemento a alta presi\u00f3n para crear elementos columnarios de silcreta, mejorando la resistencia de la cimentaci\u00f3n en suelos d\u00e9biles.<\/p><h4 data-start=\"472\" data-end=\"490\">Anclaje de suelo<\/h4><p data-start=\"491\" data-end=\"622\">Una soluci\u00f3n eficaz para estabilizar roca meteorizada, taludes a cielo abierto y estructuras de contenci\u00f3n permanentes y temporales.<\/p><h4 data-start=\"624\" data-end=\"657\">Pilote de agregado compactado (RAP)<\/h4><p data-start=\"658\" data-end=\"806\">Utiliza potencia de compactaci\u00f3n de alta frecuencia para compactar agregados, formando columnas r\u00edgidas que fortalecen el suelo circundante y mejoran la capacidad portante.<\/p><h4 data-start=\"808\" data-end=\"827\">Geosint\u00e9ticos<\/h4><p data-start=\"828\" data-end=\"1021\">Fabricados con polietileno de alta densidad (HDPE) y polipropileno, los geosint\u00e9ticos MJY est\u00e1n certificados por ISO y CE, garantizando durabilidad, drenaje y separaci\u00f3n en proyectos de infraestructura.<\/p><h4 data-start=\"1023\" data-end=\"1044\">Lona de concreto<\/h4><p data-start=\"1045\" data-end=\"1182\">Un tejido de concreto hidratado vers\u00e1til que crea una capa protectora resistente al fuego, impermeable y duradera. Las aplicaciones incluyen:<\/p><ul data-start=\"1183\" data-end=\"1297\"><li data-start=\"1183\" data-end=\"1199\"><p data-start=\"1185\" data-end=\"1199\">Revestimiento de zanjas<\/p><\/li><li data-start=\"1200\" data-end=\"1220\"><p data-start=\"1202\" data-end=\"1220\">Protecci\u00f3n de taludes<\/p><\/li><li data-start=\"1221\" data-end=\"1236\"><p data-start=\"1223\" data-end=\"1236\">Revestimiento de banda<\/p><\/li><li data-start=\"1237\" data-end=\"1256\"><p data-start=\"1239\" data-end=\"1256\">Control de erosi\u00f3n<\/p><\/li><li data-start=\"1257\" data-end=\"1274\"><p data-start=\"1259\" data-end=\"1274\">Impermeabilizaci\u00f3n<\/p><\/li><li data-start=\"1275\" data-end=\"1297\"><p data-start=\"1277\" data-end=\"1297\">Sistemas de riego<\/p><\/li><\/ul><p data-start=\"1299\" data-end=\"1397\">La lona de concreto permite una construcci\u00f3n r\u00e1pida de concreto sin maquinaria pesada ni herramientas de mezcla.<\/p><h4 data-start=\"1399\" data-end=\"1440\">Drenajes verticales prefabricados (PVD)<\/h4><p data-start=\"1441\" data-end=\"1481\">Caminos de drenaje artificial dise\u00f1ados para:<\/p><ul data-start=\"1482\" data-end=\"1600\"><li data-start=\"1482\" data-end=\"1523\"><p data-start=\"1484\" data-end=\"1523\">Acelerar la consolidaci\u00f3n del subsuelo arcilloso<\/p><\/li><li data-start=\"1524\" data-end=\"1557\"><p data-start=\"1526\" data-end=\"1557\">Mejorar la resistencia del suelo r\u00e1pidamente<\/p><\/li><li data-start=\"1558\" data-end=\"1600\"><p data-start=\"1560\" data-end=\"1600\">Mejorar la estabilidad estructural a largo plazo<\/p><\/li><\/ul>\t\t\t\t\t\t\t\t<\/div>\n\t\t\t\t<\/div>\n\t\t\t\t\t<\/div>\n\t\t\t\t<\/div>\n\t\t<div class=\"elementor-element elementor-element-ccd773a e-flex e-con-boxed e-con e-parent\" data-id=\"ccd773a\" data-element_type=\"container\" data-e-type=\"container\">\n\t\t\t\t\t<div class=\"e-con-inner\">\n\t\t\t\t<div class=\"elementor-element elementor-element-c9553f2 elementor-widget elementor-widget-heading\" data-id=\"c9553f2\" data-element_type=\"widget\" data-e-type=\"widget\" data-widget_type=\"heading.default\">\n\t\t\t\t\t<h1 class=\"elementor-heading-title elementor-size-default\">L\u00edder en Fabricaci\u00f3n de Geosint\u00e9ticos Todo en Uno<\/h1>\t\t\t\t<\/div>\n\t\t\t\t<div class=\"elementor-element elementor-element-a6e5734 elementor-widget elementor-widget-text-editor\" data-id=\"a6e5734\" data-element_type=\"widget\" data-e-type=\"widget\" data-widget_type=\"text-editor.default\">\n\t\t\t\t\t\t\t\t\t<p>Suministro estable de geomembranas HDPE, geotextiles y geoceldas. Soporte t\u00e9cnico y control de calidad para miner\u00eda, vertederos y obras hidr\u00e1ulicas.<\/p>\t\t\t\t\t\t\t\t<\/div>\n\t\t\t\t<div class=\"elementor-element elementor-element-d59bef7 elementor-align-center elementor-widget elementor-widget-button\" data-id=\"d59bef7\" data-element_type=\"widget\" data-e-type=\"widget\" data-widget_type=\"button.default\">\n\t\t\t\t\t\t\t\t\t\t<a class=\"elementor-button elementor-button-link elementor-size-sm\" href=\"#elementor-action%3Aaction%3Dpopup%3Aopen%26settings%3DeyJpZCI6IjE5MjUiLCJ0b2dnbGUiOmZhbHNlfQ%3D%3D\">\n\t\t\t\t\t\t<span class=\"elementor-button-content-wrapper\">\n\t\t\t\t\t\t\t\t\t<span class=\"elementor-button-text\">Solicitar Cotizaci\u00f3n de F\u00e1brica<\/span>\n\t\t\t\t\t<\/span>\n\t\t\t\t\t<\/a>\n\t\t\t\t\t\t\t\t<\/div>\n\t\t\t\t\t<\/div>\n\t\t\t\t<\/div>\n\t\t\t\t<\/div>","protected":false},"excerpt":{"rendered":"<p>Prop\u00f3sito de la Mejora del Suelo Los ingenieros de mejora del suelo suelen enfrentarse a desaf\u00edos en la construcci\u00f3n de carreteras, plataformas de trabajo, operaciones mineras y dise\u00f1o estructural en suelos problem\u00e1ticos. Estas dificultades suelen surgir debido a altos costes y recursos limitados, haciendo que los m\u00e9todos avanzados de tratamiento del suelo sean esenciales. Los enfoques comunes para abordar estos problemas geot\u00e9cnicos incluyen: Excavaci\u00f3n t\u00e9cnicas de reemplazo de suelo m\u00e9todos de sobrecarga extendida [\u2026]<\/p>","protected":false},"author":1,"featured_media":0,"parent":0,"menu_order":0,"comment_status":"closed","ping_status":"closed","template":"","meta":{"_seopress_robots_primary_cat":"","_seopress_titles_title":"Geotechnical Challenges in Problematic Soils and Cost-Effective Solutions","_seopress_titles_desc":"Engineers face challenges in road construction, mining, and structural design on problematic soils due to high costs and limited resources. Traditional methods like excavation, soil replacement, and surcharging are effective but expensive, driving demand for advanced geosynthetic solutions that improve efficiency and reduce costs.","_seopress_robots_index":"","site-sidebar-layout":"no-sidebar","site-content-layout":"page-builder","ast-site-content-layout":"full-width-container","site-content-style":"default","site-sidebar-style":"default","ast-global-header-display":"","ast-banner-title-visibility":"","ast-main-header-display":"","ast-hfb-above-header-display":"","ast-hfb-below-header-display":"","ast-hfb-mobile-header-display":"","site-post-title":"disabled","ast-breadcrumbs-content":"","ast-featured-img":"disabled","footer-sml-layout":"","ast-disable-related-posts":"","theme-transparent-header-meta":"","adv-header-id-meta":"","stick-header-meta":"","header-above-stick-meta":"","header-main-stick-meta":"","header-below-stick-meta":"","astra-migrate-meta-layouts":"set","ast-page-background-enabled":"default","ast-page-background-meta":{"desktop":{"background-color":"","background-image":"","background-repeat":"repeat","background-position":"center center","background-size":"auto","background-attachment":"scroll","background-type":"","background-media":"","overlay-type":"","overlay-color":"","overlay-opacity":"","overlay-gradient":""},"tablet":{"background-color":"","background-image":"","background-repeat":"repeat","background-position":"center center","background-size":"auto","background-attachment":"scroll","background-type":"","background-media":"","overlay-type":"","overlay-color":"","overlay-opacity":"","overlay-gradient":""},"mobile":{"background-color":"","background-image":"","background-repeat":"repeat","background-position":"center center","background-size":"auto","background-attachment":"scroll","background-type":"","background-media":"","overlay-type":"","overlay-color":"","overlay-opacity":"","overlay-gradient":""}},"ast-content-background-meta":{"desktop":{"background-color":"var(--ast-global-color-5)","background-image":"","background-repeat":"repeat","background-position":"center center","background-size":"auto","background-attachment":"scroll","background-type":"","background-media":"","overlay-type":"","overlay-color":"","overlay-opacity":"","overlay-gradient":""},"tablet":{"background-color":"var(--ast-global-color-5)","background-image":"","background-repeat":"repeat","background-position":"center center","background-size":"auto","background-attachment":"scroll","background-type":"","background-media":"","overlay-type":"","overlay-color":"","overlay-opacity":"","overlay-gradient":""},"mobile":{"background-color":"var(--ast-global-color-5)","background-image":"","background-repeat":"repeat","background-position":"center center","background-size":"auto","background-attachment":"scroll","background-type":"","background-media":"","overlay-type":"","overlay-color":"","overlay-opacity":"","overlay-gradient":""}},"footnotes":""},"class_list":["post-2729","page","type-page","status-publish","hentry"],"_links":{"self":[{"href":"https:\/\/geosyntheticsmanufacturer.com\/es\/wp-json\/wp\/v2\/pages\/2729","targetHints":{"allow":["GET"]}}],"collection":[{"href":"https:\/\/geosyntheticsmanufacturer.com\/es\/wp-json\/wp\/v2\/pages"}],"about":[{"href":"https:\/\/geosyntheticsmanufacturer.com\/es\/wp-json\/wp\/v2\/types\/page"}],"author":[{"embeddable":true,"href":"https:\/\/geosyntheticsmanufacturer.com\/es\/wp-json\/wp\/v2\/users\/1"}],"replies":[{"embeddable":true,"href":"https:\/\/geosyntheticsmanufacturer.com\/es\/wp-json\/wp\/v2\/comments?post=2729"}],"version-history":[{"count":0,"href":"https:\/\/geosyntheticsmanufacturer.com\/es\/wp-json\/wp\/v2\/pages\/2729\/revisions"}],"wp:attachment":[{"href":"https:\/\/geosyntheticsmanufacturer.com\/es\/wp-json\/wp\/v2\/media?parent=2729"}],"curies":[{"name":"wp","href":"https:\/\/api.w.org\/{rel}","templated":true}]}}