{"id":2752,"date":"2025-07-06T07:37:01","date_gmt":"2025-07-06T07:37:01","guid":{"rendered":"https:\/\/geosyntheticsmanufacturer.com\/?page_id=2752"},"modified":"2025-10-08T11:50:38","modified_gmt":"2025-10-08T03:50:38","slug":"geosynthetic-for-environmental-construction","status":"publish","type":"page","link":"https:\/\/geosyntheticsmanufacturer.com\/es\/geosynthetic-for-environmental-construction\/","title":{"rendered":"Geosint\u00e9ticos para Construcci\u00f3n Ambiental"},"content":{"rendered":"<div data-elementor-type=\"wp-page\" data-elementor-id=\"2752\" class=\"elementor elementor-2752\" data-elementor-post-type=\"page\">\n\t\t\t\t<div class=\"elementor-element elementor-element-9d06cab e-flex e-con-boxed e-con e-parent\" data-id=\"9d06cab\" data-element_type=\"container\" data-e-type=\"container\">\n\t\t\t\t\t<div class=\"e-con-inner\">\n\t\t\t\t<div class=\"elementor-element elementor-element-522977d elementor-widget elementor-widget-heading\" data-id=\"522977d\" data-element_type=\"widget\" data-e-type=\"widget\" data-widget_type=\"heading.default\">\n\t\t\t\t\t<h1 class=\"elementor-heading-title elementor-size-default\">Geosint\u00e9ticos para Construcci\u00f3n Ambiental<\/h1>\t\t\t\t<\/div>\n\t\t\t\t<div class=\"elementor-element elementor-element-dcecace elementor-align-center elementor-widget elementor-widget-button\" data-id=\"dcecace\" data-element_type=\"widget\" data-e-type=\"widget\" data-widget_type=\"button.default\">\n\t\t\t\t\t\t\t\t\t\t<a class=\"elementor-button elementor-button-link elementor-size-sm\" href=\"#elementor-action%3Aaction%3Dpopup%3Aopen%26settings%3DeyJpZCI6IjE5MjUiLCJ0b2dnbGUiOmZhbHNlfQ%3D%3D\">\n\t\t\t\t\t\t<span class=\"elementor-button-content-wrapper\">\n\t\t\t\t\t\t\t\t\t<span class=\"elementor-button-text\">Solicitar Cotizaci\u00f3n de F\u00e1brica<\/span>\n\t\t\t\t\t<\/span>\n\t\t\t\t\t<\/a>\n\t\t\t\t\t\t\t\t<\/div>\n\t\t\t\t\t<\/div>\n\t\t\t\t<\/div>\n\t\t<div class=\"elementor-element elementor-element-39faead e-flex e-con-boxed e-con e-parent\" data-id=\"39faead\" data-element_type=\"container\" data-e-type=\"container\">\n\t\t\t\t\t<div class=\"e-con-inner\">\n\t\t\t\t<div class=\"elementor-element elementor-element-73a9316 elementor-widget elementor-widget-heading\" data-id=\"73a9316\" data-element_type=\"widget\" data-e-type=\"widget\" data-widget_type=\"heading.default\">\n\t\t\t\t\t<h2 class=\"elementor-heading-title elementor-size-default\">Geosint\u00e9ticos para Proyectos Ambientales y de Construcci\u00f3n<\/h2>\t\t\t\t<\/div>\n\t\t\t\t<div class=\"elementor-element elementor-element-a56b2ac elementor-widget elementor-widget-text-editor\" data-id=\"a56b2ac\" data-element_type=\"widget\" data-e-type=\"widget\" data-widget_type=\"text-editor.default\">\n\t\t\t\t\t\t\t\t\t<p>Los geosint\u00e9ticos ofrecen una versatilidad y durabilidad excepcionales, convirti\u00e9ndolos en una soluci\u00f3n esencial para proyectos modernos de ingenier\u00eda ambiental y civil. Juegan un papel crucial en aplicaciones como control de erosi\u00f3n, estabilizaci\u00f3n de suelos, drenaje y contenci\u00f3n, ofreciendo un rendimiento fiable donde se requiere sostenibilidad y resistencia a largo plazo.<\/p><p>En MJY, fabricamos geosint\u00e9ticos adaptados a las necesidades espec\u00edficas de su proyecto. Ya sea que trabaje en protecci\u00f3n de aguas subterr\u00e1neas, revestimientos de vertederos, construcci\u00f3n de carreteras o proyectos de infraestructura a gran escala, nuestros productos proporcionan las soluciones m\u00e1s efectivas y rentables. Con nuestra tecnolog\u00eda avanzada de fabricaci\u00f3n y un estricto control de calidad, aseguramos que cada producto geosint\u00e9tico contribuya a un futuro m\u00e1s fuerte, m\u00e1s ecol\u00f3gico y m\u00e1s duradero.<\/p><p>Al utilizar materiales de grado premium, los geosint\u00e9ticos de MJY est\u00e1n dise\u00f1ados para soportar entornos exigentes, garantizando durabilidad, resistencia qu\u00edmica y una larga vida \u00fatil para sus proyectos.<\/p>\t\t\t\t\t\t\t\t<\/div>\n\t\t\t\t<div class=\"elementor-element elementor-element-af22b85 elementor-align-center elementor-widget elementor-widget-button\" data-id=\"af22b85\" data-element_type=\"widget\" data-e-type=\"widget\" data-widget_type=\"button.default\">\n\t\t\t\t\t\t\t\t\t\t<a class=\"elementor-button elementor-button-link elementor-size-sm\" href=\"#elementor-action%3Aaction%3Dpopup%3Aopen%26settings%3DeyJpZCI6IjE5MjUiLCJ0b2dnbGUiOmZhbHNlfQ%3D%3D\">\n\t\t\t\t\t\t<span class=\"elementor-button-content-wrapper\">\n\t\t\t\t\t\t\t\t\t<span class=\"elementor-button-text\">env\u00ede consulta ahora<\/span>\n\t\t\t\t\t<\/span>\n\t\t\t\t\t<\/a>\n\t\t\t\t\t\t\t\t<\/div>\n\t\t\t\t\t<\/div>\n\t\t\t\t<\/div>\n\t\t<div class=\"elementor-element elementor-element-8b6ea06 e-con-full e-flex e-con e-parent\" data-id=\"8b6ea06\" data-element_type=\"container\" data-e-type=\"container\">\n\t\t<div class=\"elementor-element elementor-element-a6654ed e-flex e-con-boxed e-con e-child\" data-id=\"a6654ed\" data-element_type=\"container\" data-e-type=\"container\">\n\t\t\t\t\t<div class=\"e-con-inner\">\n\t\t<div class=\"elementor-element elementor-element-f0cb9b0 e-con-full e-flex e-con e-child\" data-id=\"f0cb9b0\" data-element_type=\"container\" data-e-type=\"container\">\n\t\t\t\t<div class=\"elementor-element elementor-element-a9a02df elementor-widget elementor-widget-heading\" data-id=\"a9a02df\" data-element_type=\"widget\" data-e-type=\"widget\" data-widget_type=\"heading.default\">\n\t\t\t\t\t<h2 class=\"elementor-heading-title elementor-size-default\">Geosint\u00e9ticos para Aplicaciones en Vertederos<\/h2>\t\t\t\t<\/div>\n\t\t\t\t<div class=\"elementor-element elementor-element-9f966f8 elementor-widget elementor-widget-text-editor\" data-id=\"9f966f8\" data-element_type=\"widget\" data-e-type=\"widget\" data-widget_type=\"text-editor.default\">\n\t\t\t\t\t\t\t\t\t<p data-start=\"82\" data-end=\"317\">Los geosint\u00e9ticos son esenciales en cubiertas y sistemas de revestimiento de vertederos, actuando como barreras para evitar que los contaminantes lleguen al suelo y las aguas subterr\u00e1neas. Tambi\u00e9n ayudan a recolectar gases de vertedero, reducir olores y controlar la infiltraci\u00f3n de humedad.<\/p><p data-start=\"319\" data-end=\"509\">En MJY, ofrecemos geomembranas, geotextiles y geocompuestos de alta calidad para proyectos de vertederos, garantizando durabilidad, resistencia qu\u00edmica y protecci\u00f3n ambiental fiable.<\/p>\t\t\t\t\t\t\t\t<\/div>\n\t\t\t\t<div class=\"elementor-element elementor-element-daffe1d elementor-align-center elementor-widget elementor-widget-button\" data-id=\"daffe1d\" data-element_type=\"widget\" data-e-type=\"widget\" data-widget_type=\"button.default\">\n\t\t\t\t\t\t\t\t\t\t<a class=\"elementor-button elementor-button-link elementor-size-sm\" href=\"#elementor-action%3Aaction%3Dpopup%3Aopen%26settings%3DeyJpZCI6IjE5MjUiLCJ0b2dnbGUiOmZhbHNlfQ%3D%3D\">\n\t\t\t\t\t\t<span class=\"elementor-button-content-wrapper\">\n\t\t\t\t\t\t\t\t\t<span class=\"elementor-button-text\">env\u00ede consulta ahora<\/span>\n\t\t\t\t\t<\/span>\n\t\t\t\t\t<\/a>\n\t\t\t\t\t\t\t\t<\/div>\n\t\t\t\t<\/div>\n\t\t<div class=\"elementor-element elementor-element-48ace81 e-con-full e-flex e-con e-child\" data-id=\"48ace81\" data-element_type=\"container\" data-e-type=\"container\">\n\t\t\t\t<div class=\"elementor-element elementor-element-70ee9fc elementor-widget elementor-widget-image\" data-id=\"70ee9fc\" data-element_type=\"widget\" data-e-type=\"widget\" data-widget_type=\"image.default\">\n\t\t\t\t\t\t\t\t\t\t\t\t\t\t\t<img alt=\"\" fetchpriority=\"high\" decoding=\"async\" width=\"768\" height=\"432\" src=\"https:\/\/geosyntheticsmanufacturer.com\/wp-content\/uploads\/2025\/07\/Landfills-768x432.webp\" class=\"attachment-medium_large size-medium_large wp-image-2760\" srcset=\"https:\/\/geosyntheticsmanufacturer.com\/wp-content\/uploads\/2025\/07\/Landfills-768x432.webp 768w, https:\/\/geosyntheticsmanufacturer.com\/wp-content\/uploads\/2025\/07\/Landfills-300x169.webp 300w, https:\/\/geosyntheticsmanufacturer.com\/wp-content\/uploads\/2025\/07\/Landfills-1024x577.webp 1024w, https:\/\/geosyntheticsmanufacturer.com\/wp-content\/uploads\/2025\/07\/Landfills.webp 1236w\" sizes=\"(max-width: 768px) 100vw, 768px\" \/>\t\t\t\t\t\t\t\t\t\t\t\t\t\t\t<\/div>\n\t\t\t\t<\/div>\n\t\t\t\t\t<\/div>\n\t\t\t\t<\/div>\n\t\t\t\t<\/div>\n\t\t<div class=\"elementor-element elementor-element-bfd212c e-flex e-con-boxed e-con e-parent\" data-id=\"bfd212c\" data-element_type=\"container\" data-e-type=\"container\">\n\t\t\t\t\t<div class=\"e-con-inner\">\n\t\t<div class=\"elementor-element elementor-element-dcc4c7e e-con-full e-flex e-con e-child\" data-id=\"dcc4c7e\" data-element_type=\"container\" data-e-type=\"container\">\n\t\t<div class=\"elementor-element elementor-element-395b368 e-con-full e-flex e-con e-child\" data-id=\"395b368\" data-element_type=\"container\" data-e-type=\"container\">\n\t\t\t\t<div class=\"elementor-element elementor-element-24892a2 elementor-widget elementor-widget-image\" data-id=\"24892a2\" data-element_type=\"widget\" data-e-type=\"widget\" data-widget_type=\"image.default\">\n\t\t\t\t\t\t\t\t\t\t\t\t\t\t\t<img alt=\"\" decoding=\"async\" width=\"1024\" height=\"569\" src=\"https:\/\/geosyntheticsmanufacturer.com\/wp-content\/uploads\/2025\/07\/Erosion-Control-1024x569.webp\" class=\"attachment-large size-large wp-image-2762\" srcset=\"https:\/\/geosyntheticsmanufacturer.com\/wp-content\/uploads\/2025\/07\/Erosion-Control-1024x569.webp 1024w, https:\/\/geosyntheticsmanufacturer.com\/wp-content\/uploads\/2025\/07\/Erosion-Control-300x167.webp 300w, https:\/\/geosyntheticsmanufacturer.com\/wp-content\/uploads\/2025\/07\/Erosion-Control-768x427.webp 768w, https:\/\/geosyntheticsmanufacturer.com\/wp-content\/uploads\/2025\/07\/Erosion-Control-18x10.webp 18w, https:\/\/geosyntheticsmanufacturer.com\/wp-content\/uploads\/2025\/07\/Erosion-Control.webp 1238w\" sizes=\"(max-width: 1024px) 100vw, 1024px\" \/>\t\t\t\t\t\t\t\t\t\t\t\t\t\t\t<\/div>\n\t\t\t\t<\/div>\n\t\t\t\t<\/div>\n\t\t<div class=\"elementor-element elementor-element-553a8a6 e-con-full e-flex e-con e-child\" data-id=\"553a8a6\" data-element_type=\"container\" data-e-type=\"container\">\n\t\t<div class=\"elementor-element elementor-element-ce1d0db e-con-full e-flex e-con e-child\" data-id=\"ce1d0db\" data-element_type=\"container\" data-e-type=\"container\">\n\t\t\t\t<div class=\"elementor-element elementor-element-4735e50 elementor-widget elementor-widget-heading\" data-id=\"4735e50\" data-element_type=\"widget\" data-e-type=\"widget\" data-widget_type=\"heading.default\">\n\t\t\t\t\t<h2 class=\"elementor-heading-title elementor-size-default\">Geosint\u00e9ticos para Control de Erosi\u00f3n<\/h2>\t\t\t\t<\/div>\n\t\t\t\t<div class=\"elementor-element elementor-element-e56359a elementor-widget elementor-widget-text-editor\" data-id=\"e56359a\" data-element_type=\"widget\" data-e-type=\"widget\" data-widget_type=\"text-editor.default\">\n\t\t\t\t\t\t\t\t\t<p>Los productos geosint\u00e9ticos como geotextiles y geogriels proporcionan un control efectivo de erosi\u00f3n en riberas, costas y pendientes. En MJY, entregamos soluciones personalizadas para prevenir la erosi\u00f3n del suelo, estabilizar pendientes y apoyar el crecimiento de vegetaci\u00f3n, asegurando estabilidad a largo plazo y protecci\u00f3n ambiental.<\/p>\t\t\t\t\t\t\t\t<\/div>\n\t\t\t\t<div class=\"elementor-element elementor-element-b6f44ad elementor-align-center elementor-widget elementor-widget-button\" data-id=\"b6f44ad\" data-element_type=\"widget\" data-e-type=\"widget\" data-widget_type=\"button.default\">\n\t\t\t\t\t\t\t\t\t\t<a class=\"elementor-button elementor-button-link elementor-size-sm\" href=\"#elementor-action%3Aaction%3Dpopup%3Aopen%26settings%3DeyJpZCI6IjE5MjUiLCJ0b2dnbGUiOmZhbHNlfQ%3D%3D\">\n\t\t\t\t\t\t<span class=\"elementor-button-content-wrapper\">\n\t\t\t\t\t\t\t\t\t<span class=\"elementor-button-text\">env\u00ede consulta ahora<\/span>\n\t\t\t\t\t<\/span>\n\t\t\t\t\t<\/a>\n\t\t\t\t\t\t\t\t<\/div>\n\t\t\t\t<\/div>\n\t\t\t\t<\/div>\n\t\t\t\t\t<\/div>\n\t\t\t\t<\/div>\n\t\t<div class=\"elementor-element elementor-element-368a6ef e-con-full e-flex e-con e-parent\" data-id=\"368a6ef\" data-element_type=\"container\" data-e-type=\"container\">\n\t\t<div class=\"elementor-element elementor-element-83af962 e-flex e-con-boxed e-con e-child\" data-id=\"83af962\" data-element_type=\"container\" data-e-type=\"container\">\n\t\t\t\t\t<div class=\"e-con-inner\">\n\t\t<div class=\"elementor-element elementor-element-3551370 e-con-full e-flex e-con e-child\" data-id=\"3551370\" data-element_type=\"container\" data-e-type=\"container\">\n\t\t\t\t<div class=\"elementor-element elementor-element-fb42c49 elementor-widget elementor-widget-heading\" data-id=\"fb42c49\" data-element_type=\"widget\" data-e-type=\"widget\" data-widget_type=\"heading.default\">\n\t\t\t\t\t<h2 class=\"elementor-heading-title elementor-size-default\">Geosint\u00e9ticos para Gesti\u00f3n de Aguas Residuales y Lodos<\/h2>\t\t\t\t<\/div>\n\t\t\t\t<div class=\"elementor-element elementor-element-9286ccb elementor-widget elementor-widget-text-editor\" data-id=\"9286ccb\" data-element_type=\"widget\" data-e-type=\"widget\" data-widget_type=\"text-editor.default\">\n\t\t\t\t\t\t\t\t\t<p>MJY ofrece geosint\u00e9ticos de alto rendimiento para la gesti\u00f3n de aguas residuales y lodos, proporcionando soluciones duraderas, resistentes a productos qu\u00edmicos e impermeables. Nuestros productos previenen fugas de contaminantes, apoyan sistemas de tratamiento sostenibles y garantizan una protecci\u00f3n ambiental a largo plazo.<\/p>\t\t\t\t\t\t\t\t<\/div>\n\t\t\t\t<div class=\"elementor-element elementor-element-27f6ba9 elementor-align-center elementor-widget elementor-widget-button\" data-id=\"27f6ba9\" data-element_type=\"widget\" data-e-type=\"widget\" data-widget_type=\"button.default\">\n\t\t\t\t\t\t\t\t\t\t<a class=\"elementor-button elementor-button-link elementor-size-sm\" href=\"#elementor-action%3Aaction%3Dpopup%3Aopen%26settings%3DeyJpZCI6IjE5MjUiLCJ0b2dnbGUiOmZhbHNlfQ%3D%3D\">\n\t\t\t\t\t\t<span class=\"elementor-button-content-wrapper\">\n\t\t\t\t\t\t\t\t\t<span class=\"elementor-button-text\">env\u00ede consulta ahora<\/span>\n\t\t\t\t\t<\/span>\n\t\t\t\t\t<\/a>\n\t\t\t\t\t\t\t\t<\/div>\n\t\t\t\t<\/div>\n\t\t<div class=\"elementor-element elementor-element-f4fbc08 e-con-full e-flex e-con e-child\" data-id=\"f4fbc08\" data-element_type=\"container\" data-e-type=\"container\">\n\t\t\t\t<div class=\"elementor-element elementor-element-a67da8e elementor-widget elementor-widget-image\" data-id=\"a67da8e\" data-element_type=\"widget\" data-e-type=\"widget\" data-widget_type=\"image.default\">\n\t\t\t\t\t\t\t\t\t\t\t\t\t\t\t<img alt=\"\" decoding=\"async\" width=\"768\" height=\"432\" src=\"https:\/\/geosyntheticsmanufacturer.com\/wp-content\/uploads\/2025\/07\/Wastewater-Treatment-and-Sludge-Management-768x432.webp\" class=\"attachment-medium_large size-medium_large wp-image-2767\" srcset=\"https:\/\/geosyntheticsmanufacturer.com\/wp-content\/uploads\/2025\/07\/Wastewater-Treatment-and-Sludge-Management-768x432.webp 768w, https:\/\/geosyntheticsmanufacturer.com\/wp-content\/uploads\/2025\/07\/Wastewater-Treatment-and-Sludge-Management-300x169.webp 300w, https:\/\/geosyntheticsmanufacturer.com\/wp-content\/uploads\/2025\/07\/Wastewater-Treatment-and-Sludge-Management-1024x576.webp 1024w, https:\/\/geosyntheticsmanufacturer.com\/wp-content\/uploads\/2025\/07\/Wastewater-Treatment-and-Sludge-Management.webp 1224w\" sizes=\"(max-width: 768px) 100vw, 768px\" \/>\t\t\t\t\t\t\t\t\t\t\t\t\t\t\t<\/div>\n\t\t\t\t<\/div>\n\t\t\t\t\t<\/div>\n\t\t\t\t<\/div>\n\t\t\t\t<\/div>\n\t\t<div class=\"elementor-element elementor-element-ccd773a e-flex e-con-boxed e-con e-parent\" data-id=\"ccd773a\" data-element_type=\"container\" data-e-type=\"container\">\n\t\t\t\t\t<div class=\"e-con-inner\">\n\t\t\t\t<div class=\"elementor-element elementor-element-c9553f2 elementor-widget elementor-widget-heading\" data-id=\"c9553f2\" data-element_type=\"widget\" data-e-type=\"widget\" data-widget_type=\"heading.default\">\n\t\t\t\t\t<h1 class=\"elementor-heading-title elementor-size-default\">L\u00edder en Fabricaci\u00f3n de Geosint\u00e9ticos Todo en Uno<\/h1>\t\t\t\t<\/div>\n\t\t\t\t<div class=\"elementor-element elementor-element-a6e5734 elementor-widget elementor-widget-text-editor\" data-id=\"a6e5734\" data-element_type=\"widget\" data-e-type=\"widget\" data-widget_type=\"text-editor.default\">\n\t\t\t\t\t\t\t\t\t<p>Suministro estable de geomembranas HDPE, geotextiles y geoceldas. Soporte t\u00e9cnico y control de calidad para miner\u00eda, vertederos y obras hidr\u00e1ulicas.<\/p>\t\t\t\t\t\t\t\t<\/div>\n\t\t\t\t<div class=\"elementor-element elementor-element-d59bef7 elementor-align-center elementor-widget elementor-widget-button\" data-id=\"d59bef7\" data-element_type=\"widget\" data-e-type=\"widget\" data-widget_type=\"button.default\">\n\t\t\t\t\t\t\t\t\t\t<a class=\"elementor-button elementor-button-link elementor-size-sm\" href=\"#elementor-action%3Aaction%3Dpopup%3Aopen%26settings%3DeyJpZCI6IjE5MjUiLCJ0b2dnbGUiOmZhbHNlfQ%3D%3D\">\n\t\t\t\t\t\t<span class=\"elementor-button-content-wrapper\">\n\t\t\t\t\t\t\t\t\t<span class=\"elementor-button-text\">Solicitar Cotizaci\u00f3n de F\u00e1brica<\/span>\n\t\t\t\t\t<\/span>\n\t\t\t\t\t<\/a>\n\t\t\t\t\t\t\t\t<\/div>\n\t\t\t\t\t<\/div>\n\t\t\t\t<\/div>\n\t\t\t\t<\/div>","protected":false},"excerpt":{"rendered":"<p>Geosynthetic for Environmental Construction Get A Quote Now Geosynthetics for Environmental and Construction Projects Geosynthetics deliver outstanding versatility and durability, making them an essential solution for modern environmental and civil engineering projects. They play a crucial role in applications such as erosion control, soil stabilization, drainage, and containment, offering reliable performance where sustainability and long-term [&hellip;]<\/p>","protected":false},"author":1,"featured_media":0,"parent":0,"menu_order":0,"comment_status":"closed","ping_status":"closed","template":"","meta":{"_seopress_robots_primary_cat":"","_seopress_titles_title":"Geosynthetics for Wastewater & Sludge Management | MJY","_seopress_titles_desc":"Discover MJY\u2019s high-quality geosynthetics for wastewater and sludge management, engineered for durability, chemical resistance, and impermeability. Our solutions prevent contamination, ensure environmental protection, and support sustainable wastewater treatment systems.","_seopress_robots_index":"","site-sidebar-layout":"no-sidebar","site-content-layout":"page-builder","ast-site-content-layout":"full-width-container","site-content-style":"default","site-sidebar-style":"default","ast-global-header-display":"","ast-banner-title-visibility":"","ast-main-header-display":"","ast-hfb-above-header-display":"","ast-hfb-below-header-display":"","ast-hfb-mobile-header-display":"","site-post-title":"disabled","ast-breadcrumbs-content":"","ast-featured-img":"disabled","footer-sml-layout":"","ast-disable-related-posts":"","theme-transparent-header-meta":"","adv-header-id-meta":"","stick-header-meta":"","header-above-stick-meta":"","header-main-stick-meta":"","header-below-stick-meta":"","astra-migrate-meta-layouts":"set","ast-page-background-enabled":"default","ast-page-background-meta":{"desktop":{"background-color":"","background-image":"","background-repeat":"repeat","background-position":"center center","background-size":"auto","background-attachment":"scroll","background-type":"","background-media":"","overlay-type":"","overlay-color":"","overlay-opacity":"","overlay-gradient":""},"tablet":{"background-color":"","background-image":"","background-repeat":"repeat","background-position":"center center","background-size":"auto","background-attachment":"scroll","background-type":"","background-media":"","overlay-type":"","overlay-color":"","overlay-opacity":"","overlay-gradient":""},"mobile":{"background-color":"","background-image":"","background-repeat":"repeat","background-position":"center center","background-size":"auto","background-attachment":"scroll","background-type":"","background-media":"","overlay-type":"","overlay-color":"","overlay-opacity":"","overlay-gradient":""}},"ast-content-background-meta":{"desktop":{"background-color":"var(--ast-global-color-5)","background-image":"","background-repeat":"repeat","background-position":"center center","background-size":"auto","background-attachment":"scroll","background-type":"","background-media":"","overlay-type":"","overlay-color":"","overlay-opacity":"","overlay-gradient":""},"tablet":{"background-color":"var(--ast-global-color-5)","background-image":"","background-repeat":"repeat","background-position":"center center","background-size":"auto","background-attachment":"scroll","background-type":"","background-media":"","overlay-type":"","overlay-color":"","overlay-opacity":"","overlay-gradient":""},"mobile":{"background-color":"var(--ast-global-color-5)","background-image":"","background-repeat":"repeat","background-position":"center center","background-size":"auto","background-attachment":"scroll","background-type":"","background-media":"","overlay-type":"","overlay-color":"","overlay-opacity":"","overlay-gradient":""}},"footnotes":""},"class_list":["post-2752","page","type-page","status-publish","hentry"],"_links":{"self":[{"href":"https:\/\/geosyntheticsmanufacturer.com\/es\/wp-json\/wp\/v2\/pages\/2752","targetHints":{"allow":["GET"]}}],"collection":[{"href":"https:\/\/geosyntheticsmanufacturer.com\/es\/wp-json\/wp\/v2\/pages"}],"about":[{"href":"https:\/\/geosyntheticsmanufacturer.com\/es\/wp-json\/wp\/v2\/types\/page"}],"author":[{"embeddable":true,"href":"https:\/\/geosyntheticsmanufacturer.com\/es\/wp-json\/wp\/v2\/users\/1"}],"replies":[{"embeddable":true,"href":"https:\/\/geosyntheticsmanufacturer.com\/es\/wp-json\/wp\/v2\/comments?post=2752"}],"version-history":[{"count":0,"href":"https:\/\/geosyntheticsmanufacturer.com\/es\/wp-json\/wp\/v2\/pages\/2752\/revisions"}],"wp:attachment":[{"href":"https:\/\/geosyntheticsmanufacturer.com\/es\/wp-json\/wp\/v2\/media?parent=2752"}],"curies":[{"name":"wp","href":"https:\/\/api.w.org\/{rel}","templated":true}]}}