{"id":2796,"date":"2025-07-08T08:31:00","date_gmt":"2025-07-08T08:31:00","guid":{"rendered":"https:\/\/geosyntheticsmanufacturer.com\/?page_id=2796"},"modified":"2025-10-08T11:59:42","modified_gmt":"2025-10-08T03:59:42","slug":"tunnel-construction","status":"publish","type":"page","link":"https:\/\/geosyntheticsmanufacturer.com\/es\/tunnel-construction\/","title":{"rendered":"Construcci\u00f3n de t\u00faneles"},"content":{"rendered":"<div data-elementor-type=\"wp-page\" data-elementor-id=\"2796\" class=\"elementor elementor-2796\" data-elementor-post-type=\"page\">\n\t\t\t\t<div class=\"elementor-element elementor-element-9d06cab e-flex e-con-boxed e-con e-parent\" data-id=\"9d06cab\" data-element_type=\"container\" data-e-type=\"container\">\n\t\t\t\t\t<div class=\"e-con-inner\">\n\t\t\t\t<div class=\"elementor-element elementor-element-522977d elementor-widget elementor-widget-heading\" data-id=\"522977d\" data-element_type=\"widget\" data-e-type=\"widget\" data-widget_type=\"heading.default\">\n\t\t\t\t\t<h1 class=\"elementor-heading-title elementor-size-default\">Construcci\u00f3n de t\u00faneles<\/h1>\t\t\t\t<\/div>\n\t\t\t\t\t<\/div>\n\t\t\t\t<\/div>\n\t\t<div class=\"elementor-element elementor-element-39faead e-flex e-con-boxed e-con e-parent\" data-id=\"39faead\" data-element_type=\"container\" data-e-type=\"container\">\n\t\t\t\t\t<div class=\"e-con-inner\">\n\t\t\t\t<div class=\"elementor-element elementor-element-73a9316 elementor-widget elementor-widget-heading\" data-id=\"73a9316\" data-element_type=\"widget\" data-e-type=\"widget\" data-widget_type=\"heading.default\">\n\t\t\t\t\t<h2 class=\"elementor-heading-title elementor-size-default\">Servicios de Construcci\u00f3n de T\u00faneles<\/h2>\t\t\t\t<\/div>\n\t\t\t\t<div class=\"elementor-element elementor-element-a56b2ac elementor-widget elementor-widget-text-editor\" data-id=\"a56b2ac\" data-element_type=\"widget\" data-e-type=\"widget\" data-widget_type=\"text-editor.default\">\n\t\t\t\t\t\t\t\t\t<p data-start=\"57\" data-end=\"331\">At <strong data-start=\"60\" data-end=\"67\">MJY<\/strong>, nuestras geomembranas son revestimientos avanzados dise\u00f1ados espec\u00edficamente para la construcci\u00f3n de t\u00faneles, creando una barrera duradera e impermeable que previene la infiltraci\u00f3n de agua, mantiene un ambiente seco y protege las estructuras del t\u00fanel de da\u00f1os o contaminaci\u00f3n a largo plazo.<\/p><p data-start=\"333\" data-end=\"670\">Al integrar geomembranas en proyectos de t\u00faneles, los contratistas e ingenieros se benefician de una mayor seguridad estructural, costos de mantenimiento reducidos y una mayor eficiencia en la construcci\u00f3n. Estos materiales de alto rendimiento no solo garantizan fiabilidad y sostenibilidad, sino que tambi\u00e9n ayudan a optimizar los plazos del proyecto y a conservar recursos valiosos.<\/p><p data-start=\"672\" data-end=\"803\">Elegir <strong data-start=\"679\" data-end=\"699\">MJY <\/strong>geomembranas para la construcci\u00f3n de t\u00faneles para lograr innovaci\u00f3n, durabilidad y un rendimiento superior en cada proyecto.<\/p>\t\t\t\t\t\t\t\t<\/div>\n\t\t\t\t\t<\/div>\n\t\t\t\t<\/div>\n\t\t<div class=\"elementor-element elementor-element-8b6ea06 e-con-full e-flex e-con e-parent\" data-id=\"8b6ea06\" data-element_type=\"container\" data-e-type=\"container\">\n\t\t<div class=\"elementor-element elementor-element-a6654ed e-flex e-con-boxed e-con e-child\" data-id=\"a6654ed\" data-element_type=\"container\" data-e-type=\"container\">\n\t\t\t\t\t<div class=\"e-con-inner\">\n\t\t<div class=\"elementor-element elementor-element-f0cb9b0 e-con-full e-flex e-con e-child\" data-id=\"f0cb9b0\" data-element_type=\"container\" data-e-type=\"container\">\n\t\t\t\t<div class=\"elementor-element elementor-element-a9a02df elementor-widget elementor-widget-heading\" data-id=\"a9a02df\" data-element_type=\"widget\" data-e-type=\"widget\" data-widget_type=\"heading.default\">\n\t\t\t\t\t<h2 class=\"elementor-heading-title elementor-size-default\">Usos de la geomembrana en la construcci\u00f3n de t\u00faneles<\/h2>\t\t\t\t<\/div>\n\t\t\t\t<div class=\"elementor-element elementor-element-9f966f8 elementor-widget elementor-widget-text-editor\" data-id=\"9f966f8\" data-element_type=\"widget\" data-e-type=\"widget\" data-widget_type=\"text-editor.default\">\n\t\t\t\t\t\t\t\t\t<p>Las geomembranas son materiales sint\u00e9ticos impermeables ampliamente utilizados en la construcci\u00f3n de t\u00faneles para mejorar la impermeabilizaci\u00f3n y la seguridad. Sirven como revestimientos de t\u00faneles, barreras de gases y sistemas de mitigaci\u00f3n de rad\u00f3n, adem\u00e1s de gestionar las aguas subterr\u00e1neas, facilitar el drenaje del tubo y proteger contra el movimiento del suelo. Con geomembranas, los t\u00faneles adquieren durabilidad, estabilidad y eficiencia en costos a largo plazo.<\/p>\t\t\t\t\t\t\t\t<\/div>\n\t\t\t\t<div class=\"elementor-element elementor-element-daffe1d elementor-align-center elementor-widget elementor-widget-button\" data-id=\"daffe1d\" data-element_type=\"widget\" data-e-type=\"widget\" data-widget_type=\"button.default\">\n\t\t\t\t\t\t\t\t\t\t<a class=\"elementor-button elementor-button-link elementor-size-sm\" href=\"#elementor-action%3Aaction%3Dpopup%3Aopen%26settings%3DeyJpZCI6IjE5MjUiLCJ0b2dnbGUiOmZhbHNlfQ%3D%3D\">\n\t\t\t\t\t\t<span class=\"elementor-button-content-wrapper\">\n\t\t\t\t\t\t\t\t\t<span class=\"elementor-button-text\">env\u00ede consulta ahora<\/span>\n\t\t\t\t\t<\/span>\n\t\t\t\t\t<\/a>\n\t\t\t\t\t\t\t\t<\/div>\n\t\t\t\t<\/div>\n\t\t<div class=\"elementor-element elementor-element-48ace81 e-con-full e-flex e-con e-child\" data-id=\"48ace81\" data-element_type=\"container\" data-e-type=\"container\">\n\t\t\t\t<div class=\"elementor-element elementor-element-70ee9fc elementor-widget elementor-widget-image\" data-id=\"70ee9fc\" data-element_type=\"widget\" data-e-type=\"widget\" data-widget_type=\"image.default\">\n\t\t\t\t\t\t\t\t\t\t\t\t\t\t\t<img alt=\"\" fetchpriority=\"high\" decoding=\"async\" width=\"768\" height=\"429\" src=\"https:\/\/geosyntheticsmanufacturer.com\/wp-content\/uploads\/2025\/07\/Geomembrane-on-Tunnel-Construction-Uses-768x429.webp\" class=\"attachment-medium_large size-medium_large wp-image-2803\" srcset=\"https:\/\/geosyntheticsmanufacturer.com\/wp-content\/uploads\/2025\/07\/Geomembrane-on-Tunnel-Construction-Uses-768x429.webp 768w, https:\/\/geosyntheticsmanufacturer.com\/wp-content\/uploads\/2025\/07\/Geomembrane-on-Tunnel-Construction-Uses-300x168.webp 300w, https:\/\/geosyntheticsmanufacturer.com\/wp-content\/uploads\/2025\/07\/Geomembrane-on-Tunnel-Construction-Uses-1024x572.webp 1024w, https:\/\/geosyntheticsmanufacturer.com\/wp-content\/uploads\/2025\/07\/Geomembrane-on-Tunnel-Construction-Uses.webp 1238w\" sizes=\"(max-width: 768px) 100vw, 768px\" \/>\t\t\t\t\t\t\t\t\t\t\t\t\t\t\t<\/div>\n\t\t\t\t<\/div>\n\t\t\t\t\t<\/div>\n\t\t\t\t<\/div>\n\t\t\t\t<\/div>\n\t\t<div class=\"elementor-element elementor-element-bfd212c e-flex e-con-boxed e-con e-parent\" data-id=\"bfd212c\" data-element_type=\"container\" data-e-type=\"container\">\n\t\t\t\t\t<div class=\"e-con-inner\">\n\t\t<div class=\"elementor-element elementor-element-dcc4c7e e-con-full e-flex e-con e-child\" data-id=\"dcc4c7e\" data-element_type=\"container\" data-e-type=\"container\">\n\t\t<div class=\"elementor-element elementor-element-395b368 e-con-full e-flex e-con e-child\" data-id=\"395b368\" data-element_type=\"container\" data-e-type=\"container\">\n\t\t\t\t<div class=\"elementor-element elementor-element-24892a2 elementor-widget elementor-widget-image\" data-id=\"24892a2\" data-element_type=\"widget\" data-e-type=\"widget\" data-widget_type=\"image.default\">\n\t\t\t\t\t\t\t\t\t\t\t\t\t\t\t<img alt=\"\" decoding=\"async\" width=\"1024\" height=\"582\" src=\"https:\/\/geosyntheticsmanufacturer.com\/wp-content\/uploads\/2025\/07\/Environmental-Safety-1024x582.webp\" class=\"attachment-large size-large wp-image-2807\" srcset=\"https:\/\/geosyntheticsmanufacturer.com\/wp-content\/uploads\/2025\/07\/Environmental-Safety-1024x582.webp 1024w, https:\/\/geosyntheticsmanufacturer.com\/wp-content\/uploads\/2025\/07\/Environmental-Safety-300x170.webp 300w, https:\/\/geosyntheticsmanufacturer.com\/wp-content\/uploads\/2025\/07\/Environmental-Safety-768x436.webp 768w, https:\/\/geosyntheticsmanufacturer.com\/wp-content\/uploads\/2025\/07\/Environmental-Safety.webp 1232w\" sizes=\"(max-width: 1024px) 100vw, 1024px\" \/>\t\t\t\t\t\t\t\t\t\t\t\t\t\t\t<\/div>\n\t\t\t\t<\/div>\n\t\t\t\t<\/div>\n\t\t<div class=\"elementor-element elementor-element-553a8a6 e-con-full e-flex e-con e-child\" data-id=\"553a8a6\" data-element_type=\"container\" data-e-type=\"container\">\n\t\t<div class=\"elementor-element elementor-element-ce1d0db e-con-full e-flex e-con e-child\" data-id=\"ce1d0db\" data-element_type=\"container\" data-e-type=\"container\">\n\t\t\t\t<div class=\"elementor-element elementor-element-4735e50 elementor-widget elementor-widget-heading\" data-id=\"4735e50\" data-element_type=\"widget\" data-e-type=\"widget\" data-widget_type=\"heading.default\">\n\t\t\t\t\t<h2 class=\"elementor-heading-title elementor-size-default\">Seguridad Ambiental<\/h2>\t\t\t\t<\/div>\n\t\t\t\t<div class=\"elementor-element elementor-element-e56359a elementor-widget elementor-widget-text-editor\" data-id=\"e56359a\" data-element_type=\"widget\" data-e-type=\"widget\" data-widget_type=\"text-editor.default\">\n\t\t\t\t\t\t\t\t\t<p>Con el uso de geomembranas, es posible bloquear eficazmente el paso de contaminantes, materiales peligrosos o agentes contaminantes desde el t\u00fanel hacia el \u00e1rea circundante.\u00a0<\/p><p>Esto es particularmente importante para t\u00faneles cercanos a lugares sensibles, incluyendo cuerpos de agua, donde es crucial mantener los ecosistemas y la pureza del agua.<\/p>\t\t\t\t\t\t\t\t<\/div>\n\t\t\t\t<div class=\"elementor-element elementor-element-fff3da4 elementor-align-center elementor-widget elementor-widget-button\" data-id=\"fff3da4\" data-element_type=\"widget\" data-e-type=\"widget\" data-widget_type=\"button.default\">\n\t\t\t\t\t\t\t\t\t\t<a class=\"elementor-button elementor-button-link elementor-size-sm\" href=\"#elementor-action%3Aaction%3Dpopup%3Aopen%26settings%3DeyJpZCI6IjE5MjUiLCJ0b2dnbGUiOmZhbHNlfQ%3D%3D\">\n\t\t\t\t\t\t<span class=\"elementor-button-content-wrapper\">\n\t\t\t\t\t\t\t\t\t<span class=\"elementor-button-text\">env\u00ede consulta ahora<\/span>\n\t\t\t\t\t<\/span>\n\t\t\t\t\t<\/a>\n\t\t\t\t\t\t\t\t<\/div>\n\t\t\t\t<\/div>\n\t\t\t\t<\/div>\n\t\t\t\t\t<\/div>\n\t\t\t\t<\/div>\n\t\t<div class=\"elementor-element elementor-element-368a6ef e-con-full e-flex e-con e-parent\" data-id=\"368a6ef\" data-element_type=\"container\" data-e-type=\"container\">\n\t\t<div class=\"elementor-element elementor-element-83af962 e-flex e-con-boxed e-con e-child\" data-id=\"83af962\" data-element_type=\"container\" data-e-type=\"container\">\n\t\t\t\t\t<div class=\"e-con-inner\">\n\t\t<div class=\"elementor-element elementor-element-3551370 e-con-full e-flex e-con e-child\" data-id=\"3551370\" data-element_type=\"container\" data-e-type=\"container\">\n\t\t\t\t<div class=\"elementor-element elementor-element-fb42c49 elementor-widget elementor-widget-heading\" data-id=\"fb42c49\" data-element_type=\"widget\" data-e-type=\"widget\" data-widget_type=\"heading.default\">\n\t\t\t\t\t<h2 class=\"elementor-heading-title elementor-size-default\">El uso de geomembranas en la construcci\u00f3n de t\u00faneles es rentable<\/h2>\t\t\t\t<\/div>\n\t\t\t\t<div class=\"elementor-element elementor-element-9286ccb elementor-widget elementor-widget-text-editor\" data-id=\"9286ccb\" data-element_type=\"widget\" data-e-type=\"widget\" data-widget_type=\"text-editor.default\">\n\t\t\t\t\t\t\t\t\t<p>Las geomembranas pueden ahorrar mucho dinero durante la construcci\u00f3n del t\u00fanel al reducir el riesgo de da\u00f1os por agua, erosi\u00f3n del suelo y la necesidad de mantenimiento peri\u00f3dico.<\/p>\t\t\t\t\t\t\t\t<\/div>\n\t\t\t\t<div class=\"elementor-element elementor-element-27f6ba9 elementor-align-center elementor-widget elementor-widget-button\" data-id=\"27f6ba9\" data-element_type=\"widget\" data-e-type=\"widget\" data-widget_type=\"button.default\">\n\t\t\t\t\t\t\t\t\t\t<a class=\"elementor-button elementor-button-link elementor-size-sm\" href=\"#elementor-action%3Aaction%3Dpopup%3Aopen%26settings%3DeyJpZCI6IjE5MjUiLCJ0b2dnbGUiOmZhbHNlfQ%3D%3D\">\n\t\t\t\t\t\t<span class=\"elementor-button-content-wrapper\">\n\t\t\t\t\t\t\t\t\t<span class=\"elementor-button-text\">env\u00ede consulta ahora<\/span>\n\t\t\t\t\t<\/span>\n\t\t\t\t\t<\/a>\n\t\t\t\t\t\t\t\t<\/div>\n\t\t\t\t<\/div>\n\t\t<div class=\"elementor-element elementor-element-f4fbc08 e-con-full e-flex e-con e-child\" data-id=\"f4fbc08\" data-element_type=\"container\" data-e-type=\"container\">\n\t\t\t\t<div class=\"elementor-element elementor-element-a67da8e elementor-widget elementor-widget-image\" data-id=\"a67da8e\" data-element_type=\"widget\" data-e-type=\"widget\" data-widget_type=\"image.default\">\n\t\t\t\t\t\t\t\t\t\t\t\t\t\t\t<img alt=\"\" decoding=\"async\" width=\"768\" height=\"435\" src=\"https:\/\/geosyntheticsmanufacturer.com\/wp-content\/uploads\/2025\/07\/Using-Geomembranes-for-Tunnel-Construction-Has-Cost-effectiveness-768x435.webp\" class=\"attachment-medium_large size-medium_large wp-image-2812\" srcset=\"https:\/\/geosyntheticsmanufacturer.com\/wp-content\/uploads\/2025\/07\/Using-Geomembranes-for-Tunnel-Construction-Has-Cost-effectiveness-768x435.webp 768w, https:\/\/geosyntheticsmanufacturer.com\/wp-content\/uploads\/2025\/07\/Using-Geomembranes-for-Tunnel-Construction-Has-Cost-effectiveness-300x170.webp 300w, https:\/\/geosyntheticsmanufacturer.com\/wp-content\/uploads\/2025\/07\/Using-Geomembranes-for-Tunnel-Construction-Has-Cost-effectiveness-1024x580.webp 1024w, https:\/\/geosyntheticsmanufacturer.com\/wp-content\/uploads\/2025\/07\/Using-Geomembranes-for-Tunnel-Construction-Has-Cost-effectiveness-18x10.webp 18w, https:\/\/geosyntheticsmanufacturer.com\/wp-content\/uploads\/2025\/07\/Using-Geomembranes-for-Tunnel-Construction-Has-Cost-effectiveness.webp 1242w\" sizes=\"(max-width: 768px) 100vw, 768px\" \/>\t\t\t\t\t\t\t\t\t\t\t\t\t\t\t<\/div>\n\t\t\t\t<\/div>\n\t\t\t\t\t<\/div>\n\t\t\t\t<\/div>\n\t\t\t\t<\/div>\n\t\t<div class=\"elementor-element elementor-element-3b47316 e-flex e-con-boxed e-con e-parent\" data-id=\"3b47316\" data-element_type=\"container\" data-e-type=\"container\">\n\t\t\t\t\t<div class=\"e-con-inner\">\n\t\t\t\t<div class=\"elementor-element elementor-element-fb899b8 elementor-widget elementor-widget-heading\" data-id=\"fb899b8\" data-element_type=\"widget\" data-e-type=\"widget\" data-widget_type=\"heading.default\">\n\t\t\t\t\t<h2 class=\"elementor-heading-title elementor-size-default\">Ventajas de las geomembranas cuando se usan en la construcci\u00f3n de t\u00faneles<\/h2>\t\t\t\t<\/div>\n\t\t<div class=\"elementor-element elementor-element-6203aa2 e-grid e-con-full e-con e-child\" data-id=\"6203aa2\" data-element_type=\"container\" data-e-type=\"container\">\n\t\t<div class=\"elementor-element elementor-element-e78a8f5 e-con-full e-flex e-con e-child\" data-id=\"e78a8f5\" data-element_type=\"container\" data-e-type=\"container\">\n\t\t\t\t<div class=\"elementor-element elementor-element-f1ab293 elementor-widget elementor-widget-image\" data-id=\"f1ab293\" data-element_type=\"widget\" data-e-type=\"widget\" data-widget_type=\"image.default\">\n\t\t\t\t\t\t\t\t\t\t\t\t\t\t\t<img alt=\"\" loading=\"lazy\" decoding=\"async\" width=\"1024\" height=\"642\" src=\"https:\/\/geosyntheticsmanufacturer.com\/wp-content\/uploads\/2025\/07\/Geomembranes-Advantages-When-Used-in-Tunnel-Construction-1024x642.webp\" class=\"attachment-large size-large wp-image-2818\" srcset=\"https:\/\/geosyntheticsmanufacturer.com\/wp-content\/uploads\/2025\/07\/Geomembranes-Advantages-When-Used-in-Tunnel-Construction-1024x642.webp 1024w, https:\/\/geosyntheticsmanufacturer.com\/wp-content\/uploads\/2025\/07\/Geomembranes-Advantages-When-Used-in-Tunnel-Construction-300x188.webp 300w, https:\/\/geosyntheticsmanufacturer.com\/wp-content\/uploads\/2025\/07\/Geomembranes-Advantages-When-Used-in-Tunnel-Construction-768x481.webp 768w, https:\/\/geosyntheticsmanufacturer.com\/wp-content\/uploads\/2025\/07\/Geomembranes-Advantages-When-Used-in-Tunnel-Construction.webp 1104w\" sizes=\"(max-width: 1024px) 100vw, 1024px\" \/>\t\t\t\t\t\t\t\t\t\t\t\t\t\t\t<\/div>\n\t\t\t\t<\/div>\n\t\t<div class=\"elementor-element elementor-element-6c20797 e-con-full e-flex e-con e-child\" data-id=\"6c20797\" data-element_type=\"container\" data-e-type=\"container\">\n\t\t\t\t<div class=\"elementor-element elementor-element-a1ed12e elementor-widget elementor-widget-image\" data-id=\"a1ed12e\" data-element_type=\"widget\" data-e-type=\"widget\" data-widget_type=\"image.default\">\n\t\t\t\t\t\t\t\t\t\t\t\t\t\t\t<img alt=\"\" loading=\"lazy\" decoding=\"async\" width=\"1024\" height=\"638\" src=\"https:\/\/geosyntheticsmanufacturer.com\/wp-content\/uploads\/2025\/07\/Geomembranes-Advantages-When-Used-in-Tunnel-Construction1-1024x638.webp\" class=\"attachment-large size-large wp-image-2817\" srcset=\"https:\/\/geosyntheticsmanufacturer.com\/wp-content\/uploads\/2025\/07\/Geomembranes-Advantages-When-Used-in-Tunnel-Construction1-1024x638.webp 1024w, https:\/\/geosyntheticsmanufacturer.com\/wp-content\/uploads\/2025\/07\/Geomembranes-Advantages-When-Used-in-Tunnel-Construction1-300x187.webp 300w, https:\/\/geosyntheticsmanufacturer.com\/wp-content\/uploads\/2025\/07\/Geomembranes-Advantages-When-Used-in-Tunnel-Construction1-768x478.webp 768w, https:\/\/geosyntheticsmanufacturer.com\/wp-content\/uploads\/2025\/07\/Geomembranes-Advantages-When-Used-in-Tunnel-Construction1.webp 1098w\" sizes=\"(max-width: 1024px) 100vw, 1024px\" \/>\t\t\t\t\t\t\t\t\t\t\t\t\t\t\t<\/div>\n\t\t\t\t<\/div>\n\t\t\t\t<\/div>\n\t\t\t\t<div class=\"elementor-element elementor-element-d29c140 elementor-widget elementor-widget-text-editor\" data-id=\"d29c140\" data-element_type=\"widget\" data-e-type=\"widget\" data-widget_type=\"text-editor.default\">\n\t\t\t\t\t\t\t\t\t<p><b>Impermeabilizaci\u00f3n:\u00a0<\/b>Una excelente material para impermeabilizar son las geomembranas. Ofrecen una barrera s\u00f3lida que evita que el agua entre en el t\u00fanel.\u00a0<\/p><p><b>Resistencia qu\u00edmica:\u00a0<\/b>Las geomembranas son muy resistentes a \u00e1cidos, \u00e1lcalis y hidrocarburos, entre otras sustancias.\u00a0<\/p><p><b>Flexibilidad en la instalaci\u00f3n:\u00a0<\/b>Dependiendo de las necesidades espec\u00edficas del proyecto del t\u00fanel, las geomembranas pueden instalarse de varias maneras diferentes.\u00a0<\/p><p><b>Estabilizaci\u00f3n del suelo:\u00a0<\/b>Las geomembranas ayudan a estabilizar el suelo o masa rocosa circundante.<\/p><p><b>Durabilidad y larga vida \u00fatil:<\/b>\u00a0Las geomembranas est\u00e1n dise\u00f1adas para ser extremadamente resistentes y duraderas. Pueden soportar deterioro biol\u00f3gico, por condiciones clim\u00e1ticas y por radiaci\u00f3n UV.\u00a0<\/p>\t\t\t\t\t\t\t\t<\/div>\n\t\t\t\t\t<\/div>\n\t\t\t\t<\/div>\n\t\t<div class=\"elementor-element elementor-element-ccd773a e-flex e-con-boxed e-con e-parent\" data-id=\"ccd773a\" data-element_type=\"container\" data-e-type=\"container\">\n\t\t\t\t\t<div class=\"e-con-inner\">\n\t\t\t\t<div class=\"elementor-element elementor-element-c9553f2 elementor-widget elementor-widget-heading\" data-id=\"c9553f2\" data-element_type=\"widget\" data-e-type=\"widget\" data-widget_type=\"heading.default\">\n\t\t\t\t\t<h1 class=\"elementor-heading-title elementor-size-default\">L\u00edder en Fabricaci\u00f3n de Geosint\u00e9ticos Todo en Uno<\/h1>\t\t\t\t<\/div>\n\t\t\t\t<div class=\"elementor-element elementor-element-a6e5734 elementor-widget elementor-widget-text-editor\" data-id=\"a6e5734\" data-element_type=\"widget\" data-e-type=\"widget\" data-widget_type=\"text-editor.default\">\n\t\t\t\t\t\t\t\t\t<p>Suministro estable de geomembranas HDPE, geotextiles y geoceldas. Soporte t\u00e9cnico y control de calidad para miner\u00eda, vertederos y obras hidr\u00e1ulicas.<\/p>\t\t\t\t\t\t\t\t<\/div>\n\t\t\t\t<div class=\"elementor-element elementor-element-d59bef7 elementor-align-center elementor-widget elementor-widget-button\" data-id=\"d59bef7\" data-element_type=\"widget\" data-e-type=\"widget\" data-widget_type=\"button.default\">\n\t\t\t\t\t\t\t\t\t\t<a class=\"elementor-button elementor-button-link elementor-size-sm\" href=\"#elementor-action%3Aaction%3Dpopup%3Aopen%26settings%3DeyJpZCI6IjE5MjUiLCJ0b2dnbGUiOmZhbHNlfQ%3D%3D\">\n\t\t\t\t\t\t<span class=\"elementor-button-content-wrapper\">\n\t\t\t\t\t\t\t\t\t<span class=\"elementor-button-text\">Solicitar Cotizaci\u00f3n de F\u00e1brica<\/span>\n\t\t\t\t\t<\/span>\n\t\t\t\t\t<\/a>\n\t\t\t\t\t\t\t\t<\/div>\n\t\t\t\t\t<\/div>\n\t\t\t\t<\/div>\n\t\t\t\t<\/div>","protected":false},"excerpt":{"rendered":"<p>Servicios de Construcci\u00f3n de T\u00faneles En MJY, nuestras geomembranas son revestimientos avanzados dise\u00f1ados espec\u00edficamente para la construcci\u00f3n de t\u00faneles, creando una barrera duradera e impermeable que previene la infiltraci\u00f3n de agua, mantiene un ambiente seco y protege las estructuras del t\u00fanel de da\u00f1os o contaminaci\u00f3n a largo plazo. Al integrar geomembranas en los proyectos de t\u00faneles, los contratistas e ingenieros se benefician de una mayor seguridad estructural, reducci\u00f3n de [\u2026]<\/p>","protected":false},"author":1,"featured_media":0,"parent":0,"menu_order":0,"comment_status":"closed","ping_status":"closed","template":"","meta":{"_seopress_robots_primary_cat":"","_seopress_titles_title":"MJY Geomembranes for Tunnel Construction \u2013 Waterproof, Durable & Efficient","_seopress_titles_desc":"Discover how MJY geomembranes enhance tunnel construction with superior waterproofing, durability, and efficiency. Our advanced liners prevent water infiltration, protect tunnel structures, reduce maintenance costs, and ensure long-term reliability. Build safer, faster, and more sustainable tunnels with MJY.","_seopress_robots_index":"","site-sidebar-layout":"no-sidebar","site-content-layout":"page-builder","ast-site-content-layout":"full-width-container","site-content-style":"default","site-sidebar-style":"default","ast-global-header-display":"","ast-banner-title-visibility":"","ast-main-header-display":"","ast-hfb-above-header-display":"","ast-hfb-below-header-display":"","ast-hfb-mobile-header-display":"","site-post-title":"disabled","ast-breadcrumbs-content":"","ast-featured-img":"disabled","footer-sml-layout":"","ast-disable-related-posts":"","theme-transparent-header-meta":"","adv-header-id-meta":"","stick-header-meta":"","header-above-stick-meta":"","header-main-stick-meta":"","header-below-stick-meta":"","astra-migrate-meta-layouts":"set","ast-page-background-enabled":"default","ast-page-background-meta":{"desktop":{"background-color":"","background-image":"","background-repeat":"repeat","background-position":"center center","background-size":"auto","background-attachment":"scroll","background-type":"","background-media":"","overlay-type":"","overlay-color":"","overlay-opacity":"","overlay-gradient":""},"tablet":{"background-color":"","background-image":"","background-repeat":"repeat","background-position":"center center","background-size":"auto","background-attachment":"scroll","background-type":"","background-media":"","overlay-type":"","overlay-color":"","overlay-opacity":"","overlay-gradient":""},"mobile":{"background-color":"","background-image":"","background-repeat":"repeat","background-position":"center center","background-size":"auto","background-attachment":"scroll","background-type":"","background-media":"","overlay-type":"","overlay-color":"","overlay-opacity":"","overlay-gradient":""}},"ast-content-background-meta":{"desktop":{"background-color":"var(--ast-global-color-5)","background-image":"","background-repeat":"repeat","background-position":"center center","background-size":"auto","background-attachment":"scroll","background-type":"","background-media":"","overlay-type":"","overlay-color":"","overlay-opacity":"","overlay-gradient":""},"tablet":{"background-color":"var(--ast-global-color-5)","background-image":"","background-repeat":"repeat","background-position":"center center","background-size":"auto","background-attachment":"scroll","background-type":"","background-media":"","overlay-type":"","overlay-color":"","overlay-opacity":"","overlay-gradient":""},"mobile":{"background-color":"var(--ast-global-color-5)","background-image":"","background-repeat":"repeat","background-position":"center center","background-size":"auto","background-attachment":"scroll","background-type":"","background-media":"","overlay-type":"","overlay-color":"","overlay-opacity":"","overlay-gradient":""}},"footnotes":""},"class_list":["post-2796","page","type-page","status-publish","hentry"],"_links":{"self":[{"href":"https:\/\/geosyntheticsmanufacturer.com\/es\/wp-json\/wp\/v2\/pages\/2796","targetHints":{"allow":["GET"]}}],"collection":[{"href":"https:\/\/geosyntheticsmanufacturer.com\/es\/wp-json\/wp\/v2\/pages"}],"about":[{"href":"https:\/\/geosyntheticsmanufacturer.com\/es\/wp-json\/wp\/v2\/types\/page"}],"author":[{"embeddable":true,"href":"https:\/\/geosyntheticsmanufacturer.com\/es\/wp-json\/wp\/v2\/users\/1"}],"replies":[{"embeddable":true,"href":"https:\/\/geosyntheticsmanufacturer.com\/es\/wp-json\/wp\/v2\/comments?post=2796"}],"version-history":[{"count":0,"href":"https:\/\/geosyntheticsmanufacturer.com\/es\/wp-json\/wp\/v2\/pages\/2796\/revisions"}],"wp:attachment":[{"href":"https:\/\/geosyntheticsmanufacturer.com\/es\/wp-json\/wp\/v2\/media?parent=2796"}],"curies":[{"name":"wp","href":"https:\/\/api.w.org\/{rel}","templated":true}]}}