{"id":2862,"date":"2025-07-09T14:07:08","date_gmt":"2025-07-09T14:07:08","guid":{"rendered":"https:\/\/geosyntheticsmanufacturer.com\/?page_id=2862"},"modified":"2025-10-08T12:01:09","modified_gmt":"2025-10-08T04:01:09","slug":"soil-reinforcement","status":"publish","type":"page","link":"https:\/\/geosyntheticsmanufacturer.com\/es\/soil-reinforcement\/","title":{"rendered":"Reforzamiento del suelo"},"content":{"rendered":"<div data-elementor-type=\"wp-page\" data-elementor-id=\"2862\" class=\"elementor elementor-2862\" data-elementor-post-type=\"page\">\n\t\t\t\t<div class=\"elementor-element elementor-element-9d06cab e-flex e-con-boxed e-con e-parent\" data-id=\"9d06cab\" data-element_type=\"container\" data-e-type=\"container\">\n\t\t\t\t\t<div class=\"e-con-inner\">\n\t\t\t\t<div class=\"elementor-element elementor-element-522977d elementor-widget elementor-widget-heading\" data-id=\"522977d\" data-element_type=\"widget\" data-e-type=\"widget\" data-widget_type=\"heading.default\">\n\t\t\t\t\t<h1 class=\"elementor-heading-title elementor-size-default\">Reforzamiento del suelo<\/h1>\t\t\t\t<\/div>\n\t\t\t\t\t<\/div>\n\t\t\t\t<\/div>\n\t\t<div class=\"elementor-element elementor-element-39faead e-flex e-con-boxed e-con e-parent\" data-id=\"39faead\" data-element_type=\"container\" data-e-type=\"container\">\n\t\t\t\t\t<div class=\"e-con-inner\">\n\t\t\t\t<div class=\"elementor-element elementor-element-73a9316 elementor-widget elementor-widget-heading\" data-id=\"73a9316\" data-element_type=\"widget\" data-e-type=\"widget\" data-widget_type=\"heading.default\">\n\t\t\t\t\t<h2 class=\"elementor-heading-title elementor-size-default\">Servicios en Refuerzo de Suelos<\/h2>\t\t\t\t<\/div>\n\t\t\t\t<div class=\"elementor-element elementor-element-a56b2ac elementor-widget elementor-widget-text-editor\" data-id=\"a56b2ac\" data-element_type=\"widget\" data-e-type=\"widget\" data-widget_type=\"text-editor.default\">\n\t\t\t\t\t\t\t\t\t<p data-start=\"61\" data-end=\"436\">Los geosint\u00e9ticos han transformado la ingenier\u00eda civil moderna y la mec\u00e1nica de suelos al ofrecer soluciones pr\u00e1cticas y eficientes para el refuerzo del suelo. Estos materiales avanzados basados en pol\u00edmeros y fibras sint\u00e9ticas se aplican ampliamente en ingenier\u00eda geot\u00e9cnica, incluyendo el refuerzo de terraplenes, estabilizaci\u00f3n de taludes, construcci\u00f3n de muros de contenci\u00f3n y proyectos de mejora del suelo.<\/p><p data-start=\"438\" data-end=\"751\">Al integrar geosint\u00e9ticos en la infraestructura, los ingenieros logran una mayor estabilidad del suelo, reducir los riesgos de asentamiento, garantizar durabilidad a largo plazo y reducir costos de construcci\u00f3n. Como resultado, los geosint\u00e9ticos son ahora considerados esenciales para construir estructuras resilientes y sostenibles en condiciones de suelo desafiantes.<\/p>\t\t\t\t\t\t\t\t<\/div>\n\t\t\t\t\t<\/div>\n\t\t\t\t<\/div>\n\t\t<div class=\"elementor-element elementor-element-8b6ea06 e-con-full e-flex e-con e-parent\" data-id=\"8b6ea06\" data-element_type=\"container\" data-e-type=\"container\">\n\t\t<div class=\"elementor-element elementor-element-a6654ed e-flex e-con-boxed e-con e-child\" data-id=\"a6654ed\" data-element_type=\"container\" data-e-type=\"container\">\n\t\t\t\t\t<div class=\"e-con-inner\">\n\t\t<div class=\"elementor-element elementor-element-f0cb9b0 e-con-full e-flex e-con e-child\" data-id=\"f0cb9b0\" data-element_type=\"container\" data-e-type=\"container\">\n\t\t\t\t<div class=\"elementor-element elementor-element-a9a02df elementor-widget elementor-widget-heading\" data-id=\"a9a02df\" data-element_type=\"widget\" data-e-type=\"widget\" data-widget_type=\"heading.default\">\n\t\t\t\t\t<h2 class=\"elementor-heading-title elementor-size-default\">Aplicaciones de geosint\u00e9ticos para refuerzo del suelo<\/h2>\t\t\t\t<\/div>\n\t\t\t\t<div class=\"elementor-element elementor-element-9f966f8 elementor-widget elementor-widget-text-editor\" data-id=\"9f966f8\" data-element_type=\"widget\" data-e-type=\"widget\" data-widget_type=\"text-editor.default\">\n\t\t\t\t\t\t\t\t\t<p data-start=\"53\" data-end=\"197\">Los geosint\u00e9ticos son materiales sint\u00e9ticos que refuerzan el suelo y mejoran el rendimiento estructural en ingenier\u00eda civil. Se aplican ampliamente en:<\/p><ul data-start=\"199\" data-end=\"479\"><li data-start=\"199\" data-end=\"243\"><p data-start=\"201\" data-end=\"243\"><strong data-start=\"201\" data-end=\"220\">Muros de contenci\u00f3n<\/strong> \u2013 mejorar la estabilidad.<\/p><\/li><li data-start=\"244\" data-end=\"305\"><p data-start=\"246\" data-end=\"305\"><strong data-start=\"246\" data-end=\"269\">Estabilizaci\u00f3n de taludes<\/strong> \u2013 prevenir la erosi\u00f3n y los deslizamientos de tierra.<\/p><\/li><li data-start=\"306\" data-end=\"358\"><p data-start=\"308\" data-end=\"358\"><strong data-start=\"308\" data-end=\"331\">Carreteras y terraplenes<\/strong> \u2013 mejorar la capacidad de carga.<\/p><\/li><li data-start=\"359\" data-end=\"411\"><p data-start=\"361\" data-end=\"411\"><strong data-start=\"361\" data-end=\"383\">Refuerzo del suelo<\/strong> \u2013 fortalecer terrenos d\u00e9biles.<\/p><\/li><li data-start=\"412\" data-end=\"479\"><p data-start=\"414\" data-end=\"479\"><strong data-start=\"414\" data-end=\"441\">Vertederos y contenci\u00f3n<\/strong> \u2013 proporcionar protecci\u00f3n ambiental.<\/p><\/li><\/ul><p data-start=\"481\" data-end=\"597\">Con durabilidad y rentabilidad, los geosint\u00e9ticos garantizan una infraestructura m\u00e1s segura, resistente y sostenible.<\/p>\t\t\t\t\t\t\t\t<\/div>\n\t\t\t\t<div class=\"elementor-element elementor-element-daffe1d elementor-align-center elementor-widget elementor-widget-button\" data-id=\"daffe1d\" data-element_type=\"widget\" data-e-type=\"widget\" data-widget_type=\"button.default\">\n\t\t\t\t\t\t\t\t\t\t<a class=\"elementor-button elementor-button-link elementor-size-sm\" href=\"#elementor-action%3Aaction%3Dpopup%3Aopen%26settings%3DeyJpZCI6IjE5MjUiLCJ0b2dnbGUiOmZhbHNlfQ%3D%3D\">\n\t\t\t\t\t\t<span class=\"elementor-button-content-wrapper\">\n\t\t\t\t\t\t\t\t\t<span class=\"elementor-button-text\">env\u00ede consulta ahora<\/span>\n\t\t\t\t\t<\/span>\n\t\t\t\t\t<\/a>\n\t\t\t\t\t\t\t\t<\/div>\n\t\t\t\t<\/div>\n\t\t<div class=\"elementor-element elementor-element-48ace81 e-con-full e-flex e-con e-child\" data-id=\"48ace81\" data-element_type=\"container\" data-e-type=\"container\">\n\t\t\t\t<div class=\"elementor-element elementor-element-70ee9fc elementor-widget elementor-widget-image\" data-id=\"70ee9fc\" data-element_type=\"widget\" data-e-type=\"widget\" data-widget_type=\"image.default\">\n\t\t\t\t\t\t\t\t\t\t\t\t\t\t\t<img alt=\"\" fetchpriority=\"high\" decoding=\"async\" width=\"768\" height=\"432\" src=\"https:\/\/geosyntheticsmanufacturer.com\/wp-content\/uploads\/2025\/07\/Geosynthetics-Applications-for-Soil-Reinforcement-768x432.webp\" class=\"attachment-medium_large size-medium_large wp-image-2868\" srcset=\"https:\/\/geosyntheticsmanufacturer.com\/wp-content\/uploads\/2025\/07\/Geosynthetics-Applications-for-Soil-Reinforcement-768x432.webp 768w, https:\/\/geosyntheticsmanufacturer.com\/wp-content\/uploads\/2025\/07\/Geosynthetics-Applications-for-Soil-Reinforcement-300x169.webp 300w, https:\/\/geosyntheticsmanufacturer.com\/wp-content\/uploads\/2025\/07\/Geosynthetics-Applications-for-Soil-Reinforcement-1024x575.webp 1024w, https:\/\/geosyntheticsmanufacturer.com\/wp-content\/uploads\/2025\/07\/Geosynthetics-Applications-for-Soil-Reinforcement-18x10.webp 18w, https:\/\/geosyntheticsmanufacturer.com\/wp-content\/uploads\/2025\/07\/Geosynthetics-Applications-for-Soil-Reinforcement.webp 1242w\" sizes=\"(max-width: 768px) 100vw, 768px\" \/>\t\t\t\t\t\t\t\t\t\t\t\t\t\t\t<\/div>\n\t\t\t\t<\/div>\n\t\t\t\t\t<\/div>\n\t\t\t\t<\/div>\n\t\t\t\t<\/div>\n\t\t<div class=\"elementor-element elementor-element-bfd212c e-flex e-con-boxed e-con e-parent\" data-id=\"bfd212c\" data-element_type=\"container\" data-e-type=\"container\">\n\t\t\t\t\t<div class=\"e-con-inner\">\n\t\t<div class=\"elementor-element elementor-element-dcc4c7e e-con-full e-flex e-con e-child\" data-id=\"dcc4c7e\" data-element_type=\"container\" data-e-type=\"container\">\n\t\t<div class=\"elementor-element elementor-element-395b368 e-con-full e-flex e-con e-child\" data-id=\"395b368\" data-element_type=\"container\" data-e-type=\"container\">\n\t\t\t\t<div class=\"elementor-element elementor-element-24892a2 elementor-widget elementor-widget-image\" data-id=\"24892a2\" data-element_type=\"widget\" data-e-type=\"widget\" data-widget_type=\"image.default\">\n\t\t\t\t\t\t\t\t\t\t\t\t\t\t\t<img alt=\"\" decoding=\"async\" width=\"1024\" height=\"576\" src=\"https:\/\/geosyntheticsmanufacturer.com\/wp-content\/uploads\/2025\/07\/Advantages-1024x576.webp\" class=\"attachment-large size-large wp-image-2872\" srcset=\"https:\/\/geosyntheticsmanufacturer.com\/wp-content\/uploads\/2025\/07\/Advantages-1024x576.webp 1024w, https:\/\/geosyntheticsmanufacturer.com\/wp-content\/uploads\/2025\/07\/Advantages-300x169.webp 300w, https:\/\/geosyntheticsmanufacturer.com\/wp-content\/uploads\/2025\/07\/Advantages-768x432.webp 768w, https:\/\/geosyntheticsmanufacturer.com\/wp-content\/uploads\/2025\/07\/Advantages-18x10.webp 18w, https:\/\/geosyntheticsmanufacturer.com\/wp-content\/uploads\/2025\/07\/Advantages.webp 1240w\" sizes=\"(max-width: 1024px) 100vw, 1024px\" \/>\t\t\t\t\t\t\t\t\t\t\t\t\t\t\t<\/div>\n\t\t\t\t<\/div>\n\t\t\t\t<\/div>\n\t\t<div class=\"elementor-element elementor-element-553a8a6 e-con-full e-flex e-con e-child\" data-id=\"553a8a6\" data-element_type=\"container\" data-e-type=\"container\">\n\t\t<div class=\"elementor-element elementor-element-ce1d0db e-con-full e-flex e-con e-child\" data-id=\"ce1d0db\" data-element_type=\"container\" data-e-type=\"container\">\n\t\t\t\t<div class=\"elementor-element elementor-element-4735e50 elementor-widget elementor-widget-heading\" data-id=\"4735e50\" data-element_type=\"widget\" data-e-type=\"widget\" data-widget_type=\"heading.default\">\n\t\t\t\t\t<h2 class=\"elementor-heading-title elementor-size-default\">Ventajas<\/h2>\t\t\t\t<\/div>\n\t\t\t\t<div class=\"elementor-element elementor-element-e56359a elementor-widget elementor-widget-text-editor\" data-id=\"e56359a\" data-element_type=\"widget\" data-e-type=\"widget\" data-widget_type=\"text-editor.default\">\n\t\t\t\t\t\t\t\t\t<p>Los geosint\u00e9ticos son duraderos, ligeros y resistentes a la humedad, productos qu\u00edmicos y agentes biol\u00f3gicos, lo que los hace ideales para el refuerzo del suelo. Con una alta relaci\u00f3n resistencia-peso, son f\u00e1ciles de transportar, instalar y manejar, reduciendo el tiempo y costo de construcci\u00f3n, y garantizando estabilidad y eficiencia a largo plazo.<\/p>\t\t\t\t\t\t\t\t<\/div>\n\t\t\t\t<div class=\"elementor-element elementor-element-c3c25b7 elementor-align-center elementor-widget elementor-widget-button\" data-id=\"c3c25b7\" data-element_type=\"widget\" data-e-type=\"widget\" data-widget_type=\"button.default\">\n\t\t\t\t\t\t\t\t\t\t<a class=\"elementor-button elementor-button-link elementor-size-sm\" href=\"#elementor-action%3Aaction%3Dpopup%3Aopen%26settings%3DeyJpZCI6IjE5MjUiLCJ0b2dnbGUiOmZhbHNlfQ%3D%3D\">\n\t\t\t\t\t\t<span class=\"elementor-button-content-wrapper\">\n\t\t\t\t\t\t\t\t\t<span class=\"elementor-button-text\">env\u00ede consulta ahora<\/span>\n\t\t\t\t\t<\/span>\n\t\t\t\t\t<\/a>\n\t\t\t\t\t\t\t\t<\/div>\n\t\t\t\t<\/div>\n\t\t\t\t<\/div>\n\t\t\t\t\t<\/div>\n\t\t\t\t<\/div>\n\t\t<div class=\"elementor-element elementor-element-3b47316 e-flex e-con-boxed e-con e-parent\" data-id=\"3b47316\" data-element_type=\"container\" data-e-type=\"container\">\n\t\t\t\t\t<div class=\"e-con-inner\">\n\t\t<div class=\"elementor-element elementor-element-6203aa2 e-grid e-con-full e-con e-child\" data-id=\"6203aa2\" data-element_type=\"container\" data-e-type=\"container\">\n\t\t<div class=\"elementor-element elementor-element-e78a8f5 e-con-full e-flex e-con e-child\" data-id=\"e78a8f5\" data-element_type=\"container\" data-e-type=\"container\">\n\t\t\t\t<div class=\"elementor-element elementor-element-f1ab293 elementor-widget elementor-widget-image\" data-id=\"f1ab293\" data-element_type=\"widget\" data-e-type=\"widget\" data-widget_type=\"image.default\">\n\t\t\t\t\t\t\t\t\t\t\t\t\t\t\t<img alt=\"\" decoding=\"async\" width=\"1024\" height=\"637\" src=\"https:\/\/geosyntheticsmanufacturer.com\/wp-content\/uploads\/2025\/07\/Soil-Reinforcement11-1024x637.webp\" class=\"attachment-large size-large wp-image-2876\" srcset=\"https:\/\/geosyntheticsmanufacturer.com\/wp-content\/uploads\/2025\/07\/Soil-Reinforcement11-1024x637.webp 1024w, https:\/\/geosyntheticsmanufacturer.com\/wp-content\/uploads\/2025\/07\/Soil-Reinforcement11-300x187.webp 300w, https:\/\/geosyntheticsmanufacturer.com\/wp-content\/uploads\/2025\/07\/Soil-Reinforcement11-768x478.webp 768w, https:\/\/geosyntheticsmanufacturer.com\/wp-content\/uploads\/2025\/07\/Soil-Reinforcement11.webp 1100w\" sizes=\"(max-width: 1024px) 100vw, 1024px\" \/>\t\t\t\t\t\t\t\t\t\t\t\t\t\t\t<\/div>\n\t\t\t\t<div class=\"elementor-element elementor-element-346e2b0 elementor-widget elementor-widget-heading\" data-id=\"346e2b0\" data-element_type=\"widget\" data-e-type=\"widget\" data-widget_type=\"heading.default\">\n\t\t\t\t\t<h2 class=\"elementor-heading-title elementor-size-default\">Capacidades de gesti\u00f3n de tiempo y dinero<\/h2>\t\t\t\t<\/div>\n\t\t\t\t<div class=\"elementor-element elementor-element-7b86317 elementor-widget elementor-widget-text-editor\" data-id=\"7b86317\" data-element_type=\"widget\" data-e-type=\"widget\" data-widget_type=\"text-editor.default\">\n\t\t\t\t\t\t\t\t\t<div class=\"pc3s6Title\"><p data-start=\"49\" data-end=\"283\">Los geosint\u00e9ticos ofrecen una soluci\u00f3n rentable para el refuerzo del suelo en comparaci\u00f3n con los m\u00e9todos convencionales. Minimizan la necesidad de excavaciones extensas y reducen la dependencia de materiales costosos, disminuyendo los costos totales del proyecto.<\/p><p data-start=\"285\" data-end=\"455\">Su estructura ligera y facilidad de instalaci\u00f3n tambi\u00e9n aceleran los plazos del proyecto, ahorrando tiempo y recursos mientras garantizan un rendimiento fuerte y duradero del suelo.<\/p><\/div>\t\t\t\t\t\t\t\t<\/div>\n\t\t\t\t<\/div>\n\t\t<div class=\"elementor-element elementor-element-6c20797 e-con-full e-flex e-con e-child\" data-id=\"6c20797\" data-element_type=\"container\" data-e-type=\"container\">\n\t\t\t\t<div class=\"elementor-element elementor-element-a1ed12e elementor-widget elementor-widget-image\" data-id=\"a1ed12e\" data-element_type=\"widget\" data-e-type=\"widget\" data-widget_type=\"image.default\">\n\t\t\t\t\t\t\t\t\t\t\t\t\t\t\t<img alt=\"\" loading=\"lazy\" decoding=\"async\" width=\"1024\" height=\"639\" src=\"https:\/\/geosyntheticsmanufacturer.com\/wp-content\/uploads\/2025\/07\/Soil-Reinforcement12-1024x639.webp\" class=\"attachment-large size-large wp-image-2877\" srcset=\"https:\/\/geosyntheticsmanufacturer.com\/wp-content\/uploads\/2025\/07\/Soil-Reinforcement12-1024x639.webp 1024w, https:\/\/geosyntheticsmanufacturer.com\/wp-content\/uploads\/2025\/07\/Soil-Reinforcement12-300x187.webp 300w, https:\/\/geosyntheticsmanufacturer.com\/wp-content\/uploads\/2025\/07\/Soil-Reinforcement12-768x479.webp 768w, https:\/\/geosyntheticsmanufacturer.com\/wp-content\/uploads\/2025\/07\/Soil-Reinforcement12.webp 1096w\" sizes=\"(max-width: 1024px) 100vw, 1024px\" \/>\t\t\t\t\t\t\t\t\t\t\t\t\t\t\t<\/div>\n\t\t\t\t<div class=\"elementor-element elementor-element-422800d elementor-widget elementor-widget-heading\" data-id=\"422800d\" data-element_type=\"widget\" data-e-type=\"widget\" data-widget_type=\"heading.default\">\n\t\t\t\t\t<h2 class=\"elementor-heading-title elementor-size-default\">Normas ecol\u00f3gicas sostenibles<\/h2>\t\t\t\t<\/div>\n\t\t\t\t<div class=\"elementor-element elementor-element-2fb21d5 elementor-widget elementor-widget-text-editor\" data-id=\"2fb21d5\" data-element_type=\"widget\" data-e-type=\"widget\" data-widget_type=\"text-editor.default\">\n\t\t\t\t\t\t\t\t\t<p data-start=\"49\" data-end=\"297\">Los geosint\u00e9ticos promueven el refuerzo sostenible del suelo al reducir el impacto ambiental y apoyar pr\u00e1cticas de ingenier\u00eda ecol\u00f3gicas. Minimizan la generaci\u00f3n de residuos y disminuyen la necesidad de extracci\u00f3n de recursos naturales, como \u00e1ridos.<\/p><p data-start=\"299\" data-end=\"521\">Gracias a su larga vida \u00fatil y resistencia a la degradaci\u00f3n qu\u00edmica, los geosint\u00e9ticos ofrecen soluciones duraderas y responsables con el medio ambiente que garantizan tanto la eficiencia en costes como la sostenibilidad en los proyectos de construcci\u00f3n.<\/p>\t\t\t\t\t\t\t\t<\/div>\n\t\t\t\t<\/div>\n\t\t\t\t<\/div>\n\t\t\t\t\t<\/div>\n\t\t\t\t<\/div>\n\t\t<div class=\"elementor-element elementor-element-ccd773a e-flex e-con-boxed e-con e-parent\" data-id=\"ccd773a\" data-element_type=\"container\" data-e-type=\"container\">\n\t\t\t\t\t<div class=\"e-con-inner\">\n\t\t\t\t<div class=\"elementor-element elementor-element-c9553f2 elementor-widget elementor-widget-heading\" data-id=\"c9553f2\" data-element_type=\"widget\" data-e-type=\"widget\" data-widget_type=\"heading.default\">\n\t\t\t\t\t<h1 class=\"elementor-heading-title elementor-size-default\">L\u00edder en Fabricaci\u00f3n de Geosint\u00e9ticos Todo en Uno<\/h1>\t\t\t\t<\/div>\n\t\t\t\t<div class=\"elementor-element elementor-element-a6e5734 elementor-widget elementor-widget-text-editor\" data-id=\"a6e5734\" data-element_type=\"widget\" data-e-type=\"widget\" data-widget_type=\"text-editor.default\">\n\t\t\t\t\t\t\t\t\t<p>Suministro estable de geomembranas HDPE, geotextiles y geoceldas. Soporte t\u00e9cnico y control de calidad para miner\u00eda, vertederos y obras hidr\u00e1ulicas.<\/p>\t\t\t\t\t\t\t\t<\/div>\n\t\t\t\t<div class=\"elementor-element elementor-element-d59bef7 elementor-align-center elementor-widget elementor-widget-button\" data-id=\"d59bef7\" data-element_type=\"widget\" data-e-type=\"widget\" data-widget_type=\"button.default\">\n\t\t\t\t\t\t\t\t\t\t<a class=\"elementor-button elementor-button-link elementor-size-sm\" href=\"#elementor-action%3Aaction%3Dpopup%3Aopen%26settings%3DeyJpZCI6IjE5MjUiLCJ0b2dnbGUiOmZhbHNlfQ%3D%3D\">\n\t\t\t\t\t\t<span class=\"elementor-button-content-wrapper\">\n\t\t\t\t\t\t\t\t\t<span class=\"elementor-button-text\">Solicitar Cotizaci\u00f3n de F\u00e1brica<\/span>\n\t\t\t\t\t<\/span>\n\t\t\t\t\t<\/a>\n\t\t\t\t\t\t\t\t<\/div>\n\t\t\t\t\t<\/div>\n\t\t\t\t<\/div>\n\t\t\t\t<\/div>","protected":false},"excerpt":{"rendered":"<p>Servicios de refuerzo del suelo en geosint\u00e9ticos de refuerzo del suelo han transformado la ingenier\u00eda civil moderna y la mec\u00e1nica de suelos al ofrecer soluciones pr\u00e1cticas y eficientes para el refuerzo del suelo. Estos materiales avanzados, basados en pol\u00edmeros y fibras sint\u00e9ticas, se aplican ampliamente en ingenier\u00eda geot\u00e9cnica, incluyendo el refuerzo de terraplenes, estabilizaci\u00f3n de taludes, construcci\u00f3n de muros de contenci\u00f3n y proyectos de mejora del terreno. Al integrar los geosint\u00e9ticos en la infraestructura, los ingenieros logran [\u2026]<\/p>","protected":false},"author":1,"featured_media":0,"parent":0,"menu_order":0,"comment_status":"closed","ping_status":"closed","template":"","meta":{"_seopress_robots_primary_cat":"","_seopress_titles_title":"Geosynthetics for Soil Reinforcement","_seopress_titles_desc":"Discover how geosynthetics transform civil engineering with efficient soil reinforcement. From embankments to retaining walls, geosynthetics enhance soil stability, reduce settlement risks, improve durability, and lower construction costs\u2014offering sustainable solutions for challenging ground conditions.","_seopress_robots_index":"","site-sidebar-layout":"no-sidebar","site-content-layout":"page-builder","ast-site-content-layout":"full-width-container","site-content-style":"default","site-sidebar-style":"default","ast-global-header-display":"","ast-banner-title-visibility":"","ast-main-header-display":"","ast-hfb-above-header-display":"","ast-hfb-below-header-display":"","ast-hfb-mobile-header-display":"","site-post-title":"disabled","ast-breadcrumbs-content":"","ast-featured-img":"disabled","footer-sml-layout":"","ast-disable-related-posts":"","theme-transparent-header-meta":"","adv-header-id-meta":"","stick-header-meta":"","header-above-stick-meta":"","header-main-stick-meta":"","header-below-stick-meta":"","astra-migrate-meta-layouts":"set","ast-page-background-enabled":"default","ast-page-background-meta":{"desktop":{"background-color":"","background-image":"","background-repeat":"repeat","background-position":"center center","background-size":"auto","background-attachment":"scroll","background-type":"","background-media":"","overlay-type":"","overlay-color":"","overlay-opacity":"","overlay-gradient":""},"tablet":{"background-color":"","background-image":"","background-repeat":"repeat","background-position":"center center","background-size":"auto","background-attachment":"scroll","background-type":"","background-media":"","overlay-type":"","overlay-color":"","overlay-opacity":"","overlay-gradient":""},"mobile":{"background-color":"","background-image":"","background-repeat":"repeat","background-position":"center center","background-size":"auto","background-attachment":"scroll","background-type":"","background-media":"","overlay-type":"","overlay-color":"","overlay-opacity":"","overlay-gradient":""}},"ast-content-background-meta":{"desktop":{"background-color":"var(--ast-global-color-5)","background-image":"","background-repeat":"repeat","background-position":"center center","background-size":"auto","background-attachment":"scroll","background-type":"","background-media":"","overlay-type":"","overlay-color":"","overlay-opacity":"","overlay-gradient":""},"tablet":{"background-color":"var(--ast-global-color-5)","background-image":"","background-repeat":"repeat","background-position":"center center","background-size":"auto","background-attachment":"scroll","background-type":"","background-media":"","overlay-type":"","overlay-color":"","overlay-opacity":"","overlay-gradient":""},"mobile":{"background-color":"var(--ast-global-color-5)","background-image":"","background-repeat":"repeat","background-position":"center center","background-size":"auto","background-attachment":"scroll","background-type":"","background-media":"","overlay-type":"","overlay-color":"","overlay-opacity":"","overlay-gradient":""}},"footnotes":""},"class_list":["post-2862","page","type-page","status-publish","hentry"],"_links":{"self":[{"href":"https:\/\/geosyntheticsmanufacturer.com\/es\/wp-json\/wp\/v2\/pages\/2862","targetHints":{"allow":["GET"]}}],"collection":[{"href":"https:\/\/geosyntheticsmanufacturer.com\/es\/wp-json\/wp\/v2\/pages"}],"about":[{"href":"https:\/\/geosyntheticsmanufacturer.com\/es\/wp-json\/wp\/v2\/types\/page"}],"author":[{"embeddable":true,"href":"https:\/\/geosyntheticsmanufacturer.com\/es\/wp-json\/wp\/v2\/users\/1"}],"replies":[{"embeddable":true,"href":"https:\/\/geosyntheticsmanufacturer.com\/es\/wp-json\/wp\/v2\/comments?post=2862"}],"version-history":[{"count":0,"href":"https:\/\/geosyntheticsmanufacturer.com\/es\/wp-json\/wp\/v2\/pages\/2862\/revisions"}],"wp:attachment":[{"href":"https:\/\/geosyntheticsmanufacturer.com\/es\/wp-json\/wp\/v2\/media?parent=2862"}],"curies":[{"name":"wp","href":"https:\/\/api.w.org\/{rel}","templated":true}]}}