{"id":2884,"date":"2025-07-09T14:17:04","date_gmt":"2025-07-09T14:17:04","guid":{"rendered":"https:\/\/geosyntheticsmanufacturer.com\/?page_id=2884"},"modified":"2025-10-08T12:02:14","modified_gmt":"2025-10-08T04:02:14","slug":"application-landfill","status":"publish","type":"page","link":"https:\/\/geosyntheticsmanufacturer.com\/es\/application-landfill\/","title":{"rendered":"relleno sanitario"},"content":{"rendered":"<div data-elementor-type=\"wp-page\" data-elementor-id=\"2884\" class=\"elementor elementor-2884\" data-elementor-post-type=\"page\">\n\t\t\t\t<div class=\"elementor-element elementor-element-9d06cab e-flex e-con-boxed e-con e-parent\" data-id=\"9d06cab\" data-element_type=\"container\" data-e-type=\"container\">\n\t\t\t\t\t<div class=\"e-con-inner\">\n\t\t\t\t<div class=\"elementor-element elementor-element-522977d elementor-widget elementor-widget-heading\" data-id=\"522977d\" data-element_type=\"widget\" data-e-type=\"widget\" data-widget_type=\"heading.default\">\n\t\t\t\t\t<h1 class=\"elementor-heading-title elementor-size-default\">relleno sanitario<\/h1>\t\t\t\t<\/div>\n\t\t\t\t\t<\/div>\n\t\t\t\t<\/div>\n\t\t<div class=\"elementor-element elementor-element-39faead e-flex e-con-boxed e-con e-parent\" data-id=\"39faead\" data-element_type=\"container\" data-e-type=\"container\">\n\t\t\t\t\t<div class=\"e-con-inner\">\n\t\t\t\t<div class=\"elementor-element elementor-element-73a9316 elementor-widget elementor-widget-heading\" data-id=\"73a9316\" data-element_type=\"widget\" data-e-type=\"widget\" data-widget_type=\"heading.default\">\n\t\t\t\t\t<h2 class=\"elementor-heading-title elementor-size-default\">Servicios en vertederos<\/h2>\t\t\t\t<\/div>\n\t\t\t\t<div class=\"elementor-element elementor-element-a56b2ac elementor-widget elementor-widget-text-editor\" data-id=\"a56b2ac\" data-element_type=\"widget\" data-e-type=\"widget\" data-widget_type=\"text-editor.default\">\n\t\t\t\t\t\t\t\t\t<p>Los geosint\u00e9ticos han revolucionado la ingenier\u00eda de vertederos al proporcionar soluciones duraderas, rentables y ecol\u00f3gicas. Su integraci\u00f3n en la construcci\u00f3n y operaci\u00f3n de vertederos mejora significativamente los sistemas de contenci\u00f3n de residuos, potencia las pr\u00e1cticas sostenibles de gesti\u00f3n de residuos y garantiza una mejor protecci\u00f3n ambiental y de la salud p\u00fablica.<\/p>\t\t\t\t\t\t\t\t<\/div>\n\t\t\t\t\t<\/div>\n\t\t\t\t<\/div>\n\t\t<div class=\"elementor-element elementor-element-5373b89 e-flex e-con-boxed e-con e-parent\" data-id=\"5373b89\" data-element_type=\"container\" data-e-type=\"container\">\n\t\t\t\t\t<div class=\"e-con-inner\">\n\t\t<div class=\"elementor-element elementor-element-707048a e-con-full e-flex e-con e-child\" data-id=\"707048a\" data-element_type=\"container\" data-e-type=\"container\">\n\t\t\t\t<div class=\"elementor-element elementor-element-d8e8942 elementor-widget elementor-widget-heading\" data-id=\"d8e8942\" data-element_type=\"widget\" data-e-type=\"widget\" data-widget_type=\"heading.default\">\n\t\t\t\t\t<h2 class=\"elementor-heading-title elementor-size-default\">Ventajas de los geosint\u00e9ticos para usos en vertederos<\/h2>\t\t\t\t<\/div>\n\t\t\t\t<div class=\"elementor-element elementor-element-e5a9b7e elementor-widget elementor-widget-image\" data-id=\"e5a9b7e\" data-element_type=\"widget\" data-e-type=\"widget\" data-widget_type=\"image.default\">\n\t\t\t\t\t\t\t\t\t\t\t\t\t\t\t<img alt=\"\" fetchpriority=\"high\" decoding=\"async\" width=\"1024\" height=\"419\" src=\"https:\/\/geosyntheticsmanufacturer.com\/wp-content\/uploads\/2025\/07\/Landfill-1024x419.png\" class=\"attachment-large size-large wp-image-2893\" srcset=\"https:\/\/geosyntheticsmanufacturer.com\/wp-content\/uploads\/2025\/07\/Landfill-1024x419.png 1024w, https:\/\/geosyntheticsmanufacturer.com\/wp-content\/uploads\/2025\/07\/Landfill-300x123.png 300w, https:\/\/geosyntheticsmanufacturer.com\/wp-content\/uploads\/2025\/07\/Landfill-768x314.png 768w, https:\/\/geosyntheticsmanufacturer.com\/wp-content\/uploads\/2025\/07\/Landfill-1536x628.png 1536w, https:\/\/geosyntheticsmanufacturer.com\/wp-content\/uploads\/2025\/07\/Landfill-2048x837.png 2048w\" sizes=\"(max-width: 1024px) 100vw, 1024px\" \/>\t\t\t\t\t\t\t\t\t\t\t\t\t\t\t<\/div>\n\t\t\t\t<\/div>\n\t\t\t\t\t<\/div>\n\t\t\t\t<\/div>\n\t\t<div class=\"elementor-element elementor-element-ab514dd e-flex e-con-boxed e-con e-parent\" data-id=\"ab514dd\" data-element_type=\"container\" data-e-type=\"container\">\n\t\t\t\t\t<div class=\"e-con-inner\">\n\t\t\t\t<div class=\"elementor-element elementor-element-78b5a11 elementor-widget elementor-widget-heading\" data-id=\"78b5a11\" data-element_type=\"widget\" data-e-type=\"widget\" data-widget_type=\"heading.default\">\n\t\t\t\t\t<h2 class=\"elementor-heading-title elementor-size-default\">Capacidades de los geosint\u00e9ticos para vertederos.<\/h2>\t\t\t\t<\/div>\n\t\t\t\t<div class=\"elementor-element elementor-element-35b888f gallery-spacing-custom elementor-widget elementor-widget-image-gallery\" data-id=\"35b888f\" data-element_type=\"widget\" data-e-type=\"widget\" data-widget_type=\"image-gallery.default\">\n\t\t\t\t\t\t\t<div class=\"elementor-image-gallery\">\n\t\t\t<div id='gallery-1' class='gallery galleryid-2884 gallery-columns-2 gallery-size-medium_large'><figure class='gallery-item'>\n\t\t\t<div class='gallery-icon landscape'>\n\t\t\t\t<a data-elementor-open-lightbox=\"yes\" data-elementor-lightbox-slideshow=\"35b888f\" data-elementor-lightbox-title=\"Capabilities of Geosynthetics for Landfill.1\" data-e-action-hash=\"#elementor-action%3Aaction%3Dlightbox%26settings%3DeyJpZCI6Mjg5OCwidXJsIjoiaHR0cHM6XC9cL2dlb3N5bnRoZXRpY3NtYW51ZmFjdHVyZXIuY29tXC93cC1jb250ZW50XC91cGxvYWRzXC8yMDI1XC8wN1wvQ2FwYWJpbGl0aWVzLW9mLUdlb3N5bnRoZXRpY3MtZm9yLUxhbmRmaWxsLjEud2VicCIsInNsaWRlc2hvdyI6IjM1Yjg4OGYifQ%3D%3D\" href='https:\/\/geosyntheticsmanufacturer.com\/wp-content\/uploads\/2025\/07\/Capabilities-of-Geosynthetics-for-Landfill.1.webp'><img decoding=\"async\" width=\"768\" height=\"476\" src=\"https:\/\/geosyntheticsmanufacturer.com\/wp-content\/uploads\/2025\/07\/Capabilities-of-Geosynthetics-for-Landfill.1-768x476.webp\" class=\"attachment-medium_large size-medium_large\" alt=\"\" srcset=\"https:\/\/geosyntheticsmanufacturer.com\/wp-content\/uploads\/2025\/07\/Capabilities-of-Geosynthetics-for-Landfill.1-768x476.webp 768w, https:\/\/geosyntheticsmanufacturer.com\/wp-content\/uploads\/2025\/07\/Capabilities-of-Geosynthetics-for-Landfill.1-300x186.webp 300w, https:\/\/geosyntheticsmanufacturer.com\/wp-content\/uploads\/2025\/07\/Capabilities-of-Geosynthetics-for-Landfill.1-1024x635.webp 1024w, https:\/\/geosyntheticsmanufacturer.com\/wp-content\/uploads\/2025\/07\/Capabilities-of-Geosynthetics-for-Landfill.1.webp 1106w\" sizes=\"(max-width: 768px) 100vw, 768px\" \/><\/a>\n\t\t\t<\/div><\/figure><figure class='gallery-item'>\n\t\t\t<div class='gallery-icon landscape'>\n\t\t\t\t<a data-elementor-open-lightbox=\"yes\" data-elementor-lightbox-slideshow=\"35b888f\" data-elementor-lightbox-title=\"Capabilities of Geosynthetics for Landfill.\" data-e-action-hash=\"#elementor-action%3Aaction%3Dlightbox%26settings%3DeyJpZCI6Mjg5OSwidXJsIjoiaHR0cHM6XC9cL2dlb3N5bnRoZXRpY3NtYW51ZmFjdHVyZXIuY29tXC93cC1jb250ZW50XC91cGxvYWRzXC8yMDI1XC8wN1wvQ2FwYWJpbGl0aWVzLW9mLUdlb3N5bnRoZXRpY3MtZm9yLUxhbmRmaWxsLndlYnAiLCJzbGlkZXNob3ciOiIzNWI4ODhmIn0%3D\" href='https:\/\/geosyntheticsmanufacturer.com\/wp-content\/uploads\/2025\/07\/Capabilities-of-Geosynthetics-for-Landfill.webp'><img decoding=\"async\" width=\"768\" height=\"483\" src=\"https:\/\/geosyntheticsmanufacturer.com\/wp-content\/uploads\/2025\/07\/Capabilities-of-Geosynthetics-for-Landfill-768x483.webp\" class=\"attachment-medium_large size-medium_large\" alt=\"\" srcset=\"https:\/\/geosyntheticsmanufacturer.com\/wp-content\/uploads\/2025\/07\/Capabilities-of-Geosynthetics-for-Landfill-768x483.webp 768w, https:\/\/geosyntheticsmanufacturer.com\/wp-content\/uploads\/2025\/07\/Capabilities-of-Geosynthetics-for-Landfill-300x189.webp 300w, https:\/\/geosyntheticsmanufacturer.com\/wp-content\/uploads\/2025\/07\/Capabilities-of-Geosynthetics-for-Landfill-1024x643.webp 1024w, https:\/\/geosyntheticsmanufacturer.com\/wp-content\/uploads\/2025\/07\/Capabilities-of-Geosynthetics-for-Landfill-18x12.webp 18w, https:\/\/geosyntheticsmanufacturer.com\/wp-content\/uploads\/2025\/07\/Capabilities-of-Geosynthetics-for-Landfill.webp 1098w\" sizes=\"(max-width: 768px) 100vw, 768px\" \/><\/a>\n\t\t\t<\/div><\/figure><figure class='gallery-item'>\n\t\t\t<div class='gallery-icon landscape'>\n\t\t\t\t<a data-elementor-open-lightbox=\"yes\" data-elementor-lightbox-slideshow=\"35b888f\" data-elementor-lightbox-title=\"Capabilities of Geosynthetics for Landfill.2\" data-e-action-hash=\"#elementor-action%3Aaction%3Dlightbox%26settings%3DeyJpZCI6MjkwMCwidXJsIjoiaHR0cHM6XC9cL2dlb3N5bnRoZXRpY3NtYW51ZmFjdHVyZXIuY29tXC93cC1jb250ZW50XC91cGxvYWRzXC8yMDI1XC8wN1wvQ2FwYWJpbGl0aWVzLW9mLUdlb3N5bnRoZXRpY3MtZm9yLUxhbmRmaWxsLjIud2VicCIsInNsaWRlc2hvdyI6IjM1Yjg4OGYifQ%3D%3D\" href='https:\/\/geosyntheticsmanufacturer.com\/wp-content\/uploads\/2025\/07\/Capabilities-of-Geosynthetics-for-Landfill.2.webp'><img loading=\"lazy\" decoding=\"async\" width=\"768\" height=\"483\" src=\"https:\/\/geosyntheticsmanufacturer.com\/wp-content\/uploads\/2025\/07\/Capabilities-of-Geosynthetics-for-Landfill.2-768x483.webp\" class=\"attachment-medium_large size-medium_large\" alt=\"\" srcset=\"https:\/\/geosyntheticsmanufacturer.com\/wp-content\/uploads\/2025\/07\/Capabilities-of-Geosynthetics-for-Landfill.2-768x483.webp 768w, https:\/\/geosyntheticsmanufacturer.com\/wp-content\/uploads\/2025\/07\/Capabilities-of-Geosynthetics-for-Landfill.2-300x189.webp 300w, https:\/\/geosyntheticsmanufacturer.com\/wp-content\/uploads\/2025\/07\/Capabilities-of-Geosynthetics-for-Landfill.2-1024x644.webp 1024w, https:\/\/geosyntheticsmanufacturer.com\/wp-content\/uploads\/2025\/07\/Capabilities-of-Geosynthetics-for-Landfill.2-18x12.webp 18w, https:\/\/geosyntheticsmanufacturer.com\/wp-content\/uploads\/2025\/07\/Capabilities-of-Geosynthetics-for-Landfill.2.webp 1100w\" sizes=\"(max-width: 768px) 100vw, 768px\" \/><\/a>\n\t\t\t<\/div><\/figure><figure class='gallery-item'>\n\t\t\t<div class='gallery-icon landscape'>\n\t\t\t\t<a data-elementor-open-lightbox=\"yes\" data-elementor-lightbox-slideshow=\"35b888f\" data-elementor-lightbox-title=\"Capabilities of Geosynthetics for Landfill.3\" data-e-action-hash=\"#elementor-action%3Aaction%3Dlightbox%26settings%3DeyJpZCI6MjkwMSwidXJsIjoiaHR0cHM6XC9cL2dlb3N5bnRoZXRpY3NtYW51ZmFjdHVyZXIuY29tXC93cC1jb250ZW50XC91cGxvYWRzXC8yMDI1XC8wN1wvQ2FwYWJpbGl0aWVzLW9mLUdlb3N5bnRoZXRpY3MtZm9yLUxhbmRmaWxsLjMud2VicCIsInNsaWRlc2hvdyI6IjM1Yjg4OGYifQ%3D%3D\" href='https:\/\/geosyntheticsmanufacturer.com\/wp-content\/uploads\/2025\/07\/Capabilities-of-Geosynthetics-for-Landfill.3.webp'><img loading=\"lazy\" decoding=\"async\" width=\"768\" height=\"484\" src=\"https:\/\/geosyntheticsmanufacturer.com\/wp-content\/uploads\/2025\/07\/Capabilities-of-Geosynthetics-for-Landfill.3-768x484.webp\" class=\"attachment-medium_large size-medium_large\" alt=\"\" srcset=\"https:\/\/geosyntheticsmanufacturer.com\/wp-content\/uploads\/2025\/07\/Capabilities-of-Geosynthetics-for-Landfill.3-768x484.webp 768w, https:\/\/geosyntheticsmanufacturer.com\/wp-content\/uploads\/2025\/07\/Capabilities-of-Geosynthetics-for-Landfill.3-300x189.webp 300w, https:\/\/geosyntheticsmanufacturer.com\/wp-content\/uploads\/2025\/07\/Capabilities-of-Geosynthetics-for-Landfill.3-1024x645.webp 1024w, https:\/\/geosyntheticsmanufacturer.com\/wp-content\/uploads\/2025\/07\/Capabilities-of-Geosynthetics-for-Landfill.3.webp 1102w\" sizes=\"(max-width: 768px) 100vw, 768px\" \/><\/a>\n\t\t\t<\/div><\/figure>\n\t\t<\/div>\n\t\t<\/div>\n\t\t\t\t\t\t<\/div>\n\t\t\t\t<div class=\"elementor-element elementor-element-7b9b383 elementor-widget elementor-widget-text-editor\" data-id=\"7b9b383\" data-element_type=\"widget\" data-e-type=\"widget\" data-widget_type=\"text-editor.default\">\n\t\t\t\t\t\t\t\t\t<ul><li><p data-start=\"70\" data-end=\"321\"><strong data-start=\"70\" data-end=\"100\">Geomembranas (Revestimientos HDPE)<\/strong><br data-start=\"100\" data-end=\"103\" \/>Las geomembranas, especialmente los revestimientos HDPE, se utilizan ampliamente en vertederos como un sistema de revestimiento confiable. Proporcionan una barrera impermeable que evita la migraci\u00f3n de lixiviados y asegura una protecci\u00f3n ambiental a largo plazo.<\/p><p data-start=\"323\" data-end=\"622\"><strong data-start=\"323\" data-end=\"374\">Geotextiles (Separaci\u00f3n, filtraci\u00f3n y drenaje)<\/strong><br data-start=\"374\" data-end=\"377\" \/>Los geotextiles tejidos y no tejidos hechos de fibras de polipropileno o poli\u00e9ster son esenciales en la construcci\u00f3n de vertederos. Ofrecen separaci\u00f3n, filtraci\u00f3n y drenaje efectivos, garantizando la estabilidad estructural y una gesti\u00f3n eficiente del agua.<\/p><p data-start=\"624\" data-end=\"795\"><strong data-start=\"624\" data-end=\"641\">Sistemas de revestimiento<\/strong><br data-start=\"641\" data-end=\"644\" \/>Los sistemas de revestimiento geosint\u00e9tico act\u00faan como barreras cr\u00edticas contra contaminantes y lixiviados, previniendo la contaminaci\u00f3n y protegiendo los recursos de agua subterr\u00e1nea.<\/p><p data-start=\"797\" data-end=\"1024\"><strong data-start=\"797\" data-end=\"823\">Sistemas de gesti\u00f3n de gases<\/strong><br data-start=\"823\" data-end=\"826\" \/>Los vertederos producen metano y otros gases durante la descomposici\u00f3n de residuos org\u00e1nicos. Los sistemas geosint\u00e9ticos ayudan a atrapar, regular y ventilar los gases del vertedero, asegurando una gesti\u00f3n de residuos segura y sostenible.<\/p><p data-start=\"1026\" data-end=\"1213\"><strong data-start=\"1026\" data-end=\"1045\">Control de Erosi\u00f3n<\/strong><br data-start=\"1045\" data-end=\"1048\" \/>En las pendientes y sistemas de cobertura de vertederos, se utilizan geosint\u00e9ticos como mantas y alfombrillas de control de erosi\u00f3n para prevenir la erosi\u00f3n del suelo y proteger contra la escorrent\u00eda superficial.<\/p><p data-start=\"1215\" data-end=\"1429\"><strong data-start=\"1215\" data-end=\"1254\">Sistemas de cubierta (soluciones de cobertura final)<\/strong><br data-start=\"1254\" data-end=\"1257\" \/>Los geosint\u00e9ticos juegan un papel clave en los sistemas de cubierta de vertederos, apoyando el crecimiento de la vegetaci\u00f3n, bloqueando la infiltraci\u00f3n y reduciendo la necesidad de mantenimiento continuo del vertedero.<\/p><p data-start=\"1431\" data-end=\"1635\"><strong data-start=\"1431\" data-end=\"1448\">Refuerzo<\/strong><br data-start=\"1448\" data-end=\"1451\" \/>Los georejillas y geotextiles proporcionan refuerzo del suelo en condiciones de terreno d\u00e9bil o inestable. Mejoran la capacidad portante, permitiendo celdas de vertedero m\u00e1s altas y eficientes.<\/p><p data-start=\"1637\" data-end=\"1835\"><strong data-start=\"1637\" data-end=\"1663\">Monitoreo y detecci\u00f3n<\/strong><br data-start=\"1663\" data-end=\"1666\" \/>Los geosint\u00e9ticos modernos pueden integrarse con sistemas de monitoreo para detectar fugas, medir cambios de presi\u00f3n y rastrear el rendimiento del vertedero para una operaci\u00f3n segura a largo plazo.<\/p><\/li><\/ul>\t\t\t\t\t\t\t\t<\/div>\n\t\t\t\t\t<\/div>\n\t\t\t\t<\/div>\n\t\t<div class=\"elementor-element elementor-element-ccd773a e-flex e-con-boxed e-con e-parent\" data-id=\"ccd773a\" data-element_type=\"container\" data-e-type=\"container\">\n\t\t\t\t\t<div class=\"e-con-inner\">\n\t\t\t\t<div class=\"elementor-element elementor-element-c9553f2 elementor-widget elementor-widget-heading\" data-id=\"c9553f2\" data-element_type=\"widget\" data-e-type=\"widget\" data-widget_type=\"heading.default\">\n\t\t\t\t\t<h1 class=\"elementor-heading-title elementor-size-default\">L\u00edder en Fabricaci\u00f3n de Geosint\u00e9ticos Todo en Uno<\/h1>\t\t\t\t<\/div>\n\t\t\t\t<div class=\"elementor-element elementor-element-a6e5734 elementor-widget elementor-widget-text-editor\" data-id=\"a6e5734\" data-element_type=\"widget\" data-e-type=\"widget\" data-widget_type=\"text-editor.default\">\n\t\t\t\t\t\t\t\t\t<p>Suministro estable de geomembranas HDPE, geotextiles y geoceldas. Soporte t\u00e9cnico y control de calidad para miner\u00eda, vertederos y obras hidr\u00e1ulicas.<\/p>\t\t\t\t\t\t\t\t<\/div>\n\t\t\t\t<div class=\"elementor-element elementor-element-d59bef7 elementor-align-center elementor-widget elementor-widget-button\" data-id=\"d59bef7\" data-element_type=\"widget\" data-e-type=\"widget\" data-widget_type=\"button.default\">\n\t\t\t\t\t\t\t\t\t\t<a class=\"elementor-button elementor-button-link elementor-size-sm\" href=\"#elementor-action%3Aaction%3Dpopup%3Aopen%26settings%3DeyJpZCI6IjE5MjUiLCJ0b2dnbGUiOmZhbHNlfQ%3D%3D\">\n\t\t\t\t\t\t<span class=\"elementor-button-content-wrapper\">\n\t\t\t\t\t\t\t\t\t<span class=\"elementor-button-text\">Solicitar Cotizaci\u00f3n de F\u00e1brica<\/span>\n\t\t\t\t\t<\/span>\n\t\t\t\t\t<\/a>\n\t\t\t\t\t\t\t\t<\/div>\n\t\t\t\t\t<\/div>\n\t\t\t\t<\/div>\n\t\t\t\t<\/div>","protected":false},"excerpt":{"rendered":"<p>Los servicios de vertederos en geosint\u00e9ticos para vertederos han revolucionado la ingenier\u00eda de vertederos al ofrecer soluciones duraderas, rentables y respetuosas con el medio ambiente. Su integraci\u00f3n en la construcci\u00f3n y operaci\u00f3n de vertederos mejora significativamente los sistemas de contenci\u00f3n de residuos, potencia las pr\u00e1cticas sostenibles de gesti\u00f3n de residuos y garantiza una mejor protecci\u00f3n del medio ambiente y la salud p\u00fablica. Ventajas de los geosint\u00e9ticos para usos en vertederos Capacidades de los geosint\u00e9ticos para vertederos. Geomembranas (Liner de HDPE)Geomembranas, [\u2026]<\/p>","protected":false},"author":1,"featured_media":0,"parent":0,"menu_order":0,"comment_status":"closed","ping_status":"closed","template":"","meta":{"_seopress_robots_primary_cat":"","_seopress_titles_title":"Geosynthetics in Landfill Engineering","_seopress_titles_desc":"Discover how geosynthetics revolutionize landfill engineering with durable, cost-effective, and eco-friendly solutions. From waste containment to environmental protection, these systems enhance sustainable landfill management and safeguard public health.","_seopress_robots_index":"","site-sidebar-layout":"no-sidebar","site-content-layout":"page-builder","ast-site-content-layout":"full-width-container","site-content-style":"default","site-sidebar-style":"default","ast-global-header-display":"","ast-banner-title-visibility":"","ast-main-header-display":"","ast-hfb-above-header-display":"","ast-hfb-below-header-display":"","ast-hfb-mobile-header-display":"","site-post-title":"disabled","ast-breadcrumbs-content":"","ast-featured-img":"disabled","footer-sml-layout":"","ast-disable-related-posts":"","theme-transparent-header-meta":"","adv-header-id-meta":"","stick-header-meta":"","header-above-stick-meta":"","header-main-stick-meta":"","header-below-stick-meta":"","astra-migrate-meta-layouts":"set","ast-page-background-enabled":"default","ast-page-background-meta":{"desktop":{"background-color":"","background-image":"","background-repeat":"repeat","background-position":"center center","background-size":"auto","background-attachment":"scroll","background-type":"","background-media":"","overlay-type":"","overlay-color":"","overlay-opacity":"","overlay-gradient":""},"tablet":{"background-color":"","background-image":"","background-repeat":"repeat","background-position":"center center","background-size":"auto","background-attachment":"scroll","background-type":"","background-media":"","overlay-type":"","overlay-color":"","overlay-opacity":"","overlay-gradient":""},"mobile":{"background-color":"","background-image":"","background-repeat":"repeat","background-position":"center center","background-size":"auto","background-attachment":"scroll","background-type":"","background-media":"","overlay-type":"","overlay-color":"","overlay-opacity":"","overlay-gradient":""}},"ast-content-background-meta":{"desktop":{"background-color":"var(--ast-global-color-5)","background-image":"","background-repeat":"repeat","background-position":"center center","background-size":"auto","background-attachment":"scroll","background-type":"","background-media":"","overlay-type":"","overlay-color":"","overlay-opacity":"","overlay-gradient":""},"tablet":{"background-color":"var(--ast-global-color-5)","background-image":"","background-repeat":"repeat","background-position":"center center","background-size":"auto","background-attachment":"scroll","background-type":"","background-media":"","overlay-type":"","overlay-color":"","overlay-opacity":"","overlay-gradient":""},"mobile":{"background-color":"var(--ast-global-color-5)","background-image":"","background-repeat":"repeat","background-position":"center center","background-size":"auto","background-attachment":"scroll","background-type":"","background-media":"","overlay-type":"","overlay-color":"","overlay-opacity":"","overlay-gradient":""}},"footnotes":""},"class_list":["post-2884","page","type-page","status-publish","hentry"],"_links":{"self":[{"href":"https:\/\/geosyntheticsmanufacturer.com\/es\/wp-json\/wp\/v2\/pages\/2884","targetHints":{"allow":["GET"]}}],"collection":[{"href":"https:\/\/geosyntheticsmanufacturer.com\/es\/wp-json\/wp\/v2\/pages"}],"about":[{"href":"https:\/\/geosyntheticsmanufacturer.com\/es\/wp-json\/wp\/v2\/types\/page"}],"author":[{"embeddable":true,"href":"https:\/\/geosyntheticsmanufacturer.com\/es\/wp-json\/wp\/v2\/users\/1"}],"replies":[{"embeddable":true,"href":"https:\/\/geosyntheticsmanufacturer.com\/es\/wp-json\/wp\/v2\/comments?post=2884"}],"version-history":[{"count":0,"href":"https:\/\/geosyntheticsmanufacturer.com\/es\/wp-json\/wp\/v2\/pages\/2884\/revisions"}],"wp:attachment":[{"href":"https:\/\/geosyntheticsmanufacturer.com\/es\/wp-json\/wp\/v2\/media?parent=2884"}],"curies":[{"name":"wp","href":"https:\/\/api.w.org\/{rel}","templated":true}]}}